{"id":16,"date":"2018-04-12T17:50:19","date_gmt":"2018-04-12T17:50:19","guid":{"rendered":"http:\/\/wbcfayet.wpengine.com\/?page_id=16"},"modified":"2021-05-14T13:01:20","modified_gmt":"2021-05-14T13:01:20","slug":"consulting","status":"publish","type":"page","link":"https:\/\/www.wbcfay.org\/es\/consulting\/","title":{"rendered":"Consultante"},"content":{"rendered":"<div class=\"vc_row wpb_row vc_row-fluid\" data-wow-delay=\"0s\"><div class=\"wpb_column vc_column_container vc_col-sm-12\" data-wow-delay=\"0s\"><div class=\"vc_column-inner\"><div class=\"wpb_wrapper\">\n\t<div class=\"wpb_text_column wpb_content_element\" >\n\t\t<div class=\"wpb_wrapper\">\n\t\t\t<h2 style=\"text-align: left;\"><strong>Nuestros consultores profesionales pueden ayudarlo a:<\/strong><\/h2>\n<h3 style=\"text-align: left;\">Formule su\u00a0<strong>IDEA<\/strong>\u00a0en un negocio rentable\u00a0<strong>CONCEPTO<\/strong>\u00a0guiando a los clientes a trav\u00e9s de la planificaci\u00f3n comercial, los costos de puesta en marcha y la identificaci\u00f3n de oportunidades.<\/h3>\n<h3 style=\"text-align: left;\"><strong>PUESTA EN MARCHA<\/strong>\u00a0su negocio, tenga una gran inauguraci\u00f3n y corte de cinta para que pueda comenzar a generar y rastrear ingresos.<\/h3>\n<h3 style=\"text-align: left;\"><strong>ESCALA<\/strong>\u00a0su negocio una vez que haya establecido los ingresos y el riesgo equilibrado para que pueda\u00a0<strong>EXPANDIR<\/strong>!<\/h3>\n<h3 style=\"text-align: left;\"><strong>CRECER<\/strong>\u00a0su empresa madura en nuestro mercado en constante desarrollo!<\/h3>\n\n\t\t<\/div>\n\t<\/div>\n<div class=\"vc_empty_space\"   style=\"height: 32px\"><span class=\"vc_empty_space_inner\"><\/span><\/div><\/div><\/div><\/div><\/div><div class=\"vc_row wpb_row vc_row-fluid\" data-wow-delay=\"0s\"><div class=\"wpb_column vc_column_container vc_col-sm-12\" data-wow-delay=\"0s\"><div class=\"vc_column-inner\"><div class=\"wpb_wrapper\">\n\t<div class=\"wpb_text_column wpb_content_element\" >\n\t\t<div class=\"wpb_wrapper\">\n\t\t\t<h2><strong>Empezar un negocio<\/strong><\/h2>\n<h3>No en el negocio y \/ o en el negocio no m\u00e1s de dos a\u00f1os<\/h3>\n\n\t\t<\/div>\n\t<\/div>\n\n\t<div class=\"wpb_text_column wpb_content_element\" >\n\t\t<div class=\"wpb_wrapper\">\n\t\t\t<h3><strong><em>PASO 1:<\/em><\/strong><\/h3>\n\n\t\t<\/div>\n\t<\/div>\n\n\t<div class=\"wpb_text_column wpb_content_element\" >\n\t\t<div class=\"wpb_wrapper\">\n\t\t\t<ul>\n<li>\n<h3>Orientaci\u00f3n Jumpstart: para obtener m\u00e1s informaci\u00f3n sobre el centro de negocios y consejos para iniciar un negocio.<\/h3>\n<\/li>\n<li>\n<h3>Business Essentials<\/h3>\n<ul>\n<li>\n<h3>Mapeo de la visi\u00f3n<\/h3>\n<\/li>\n<\/ul>\n<\/li>\n<li>\n<h3>Fundamentos de marketing<\/h3>\n<ul>\n<li>\n<h3>Marca 101<\/h3>\n<\/li>\n<li>\n<h3>Estrategias de marketing<\/h3>\n<\/li>\n<\/ul>\n<\/li>\n<li>\n<h3>Finanzas Esenciales<\/h3>\n<ul>\n<li>\n<h3>Proyecciones financieras<\/h3>\n<\/li>\n<li>\n<h3>Pr\u00e9stamos comerciales 101<\/h3>\n<\/li>\n<li>\n<h3>Cr\u00e9dito 101<\/h3>\n<\/li>\n<\/ul>\n<\/li>\n<\/ul>\n\n\t\t<\/div>\n\t<\/div>\n\n\t<div class=\"wpb_text_column wpb_content_element\" >\n\t\t<div class=\"wpb_wrapper\">\n\t\t\t<h3><strong>PASO 2:<\/strong><\/h3>\n\n\t\t<\/div>\n\t<\/div>\n\n\t<div class=\"wpb_text_column wpb_content_element\" >\n\t\t<div class=\"wpb_wrapper\">\n\t\t\t<h3>Despu\u00e9s\u00a0<em>Orientaci\u00f3n Jumpstart<\/em> Se le asignar\u00e1 un consultor con el que se mantendr\u00e1 en contacto con usted para la revisi\u00f3n del plan de negocios, la viabilidad del pr\u00e9stamo y \/ o las clases programadas para su negocio.<\/h3>\n\n\t\t<\/div>\n\t<\/div>\n\n\t<div class=\"wpb_text_column wpb_content_element\" >\n\t\t<div class=\"wpb_wrapper\">\n\t\t\t<h3><strong>PASO 3:<\/strong><\/h3>\n\n\t\t<\/div>\n\t<\/div>\n\n\t<div class=\"wpb_text_column wpb_content_element\" >\n\t\t<div class=\"wpb_wrapper\">\n\t\t\t<h3 style=\"text-align: left;\">Una vez que haya iniciado su plan de negocios y haya asistido <a href=\"https:\/\/www.wbcfay.org\/getting-started\/\" target=\"_blank\" rel=\"noopener noreferrer\">EMPEZANDO<\/a> clases que se reunir\u00e1 con su consultor que le ha sido asignado.<\/h3>\n\n\t\t<\/div>\n\t<\/div>\n<div class=\"vc_separator wpb_content_element vc_separator_align_center vc_sep_width_100 vc_sep_pos_align_center vc_separator_no_text\" ><span class=\"vc_sep_holder vc_sep_holder_l\"><span  style=\"border-color:#72c831;\" class=\"vc_sep_line\"><\/span><\/span><span class=\"vc_sep_holder vc_sep_holder_r\"><span  style=\"border-color:#72c831;\" class=\"vc_sep_line\"><\/span><\/span>\n<\/div><div class=\"vc_row wpb_row vc_inner vc_row-fluid\" data-wow-delay=\"0s\"><div class=\"wpb_column vc_column_container vc_col-sm-12\" data-wow-delay=\"0s\"><div class=\"vc_column-inner\"><div class=\"wpb_wrapper\">\n\t<div class=\"wpb_text_column wpb_content_element\" >\n\t\t<div class=\"wpb_wrapper\">\n\t\t\t<blockquote>\n<h3 style=\"text-align: center;\"><em><strong>Las clases est\u00e1n abiertas al p\u00fablico, \u00a1reserve su asiento ahora!<\/strong><\/em><\/h3>\n<\/blockquote>\n\n\t\t<\/div>\n\t<\/div>\n<div class=\"vc_btn3-container vc_btn3-center\" ><a class=\"vc_general vc_btn3 vc_btn3-size-md vc_btn3-shape-rounded vc_btn3-style-modern vc_btn3-block vc_btn3-icon-right vc_btn3-color-green\" href=\"http:\/\/wbcfay.eventbrite.com\" title=\"\" target=\"_blank\">Reg\u00edstrese hoy <i class=\"vc_btn3-icon fa fa-mouse-pointer\"><\/i><\/a><\/div><\/div><\/div><\/div><\/div><\/div><\/div><\/div><\/div><div class=\"vc_row wpb_row vc_row-fluid\" data-wow-delay=\"0s\"><div class=\"wpb_column vc_column_container vc_col-sm-12\" data-wow-delay=\"0s\"><div class=\"vc_column-inner\"><div class=\"wpb_wrapper\">\n\t<div class=\"wpb_text_column wpb_content_element\" >\n\t\t<div class=\"wpb_wrapper\">\n\t\t\t<h2><strong>Negocios existentes<\/strong><\/h2>\n<h3>M\u00e1s de 2 a\u00f1os de generaci\u00f3n de ingresos<\/h3>\n\n\t\t<\/div>\n\t<\/div>\n\n\t<div class=\"wpb_text_column wpb_content_element\" >\n\t\t<div class=\"wpb_wrapper\">\n\t\t\t<h3>Solicite convertirse en cliente a trav\u00e9s de nuestro sitio web y devu\u00e9lvanos el paquete de admisi\u00f3n. Esto incluir\u00e1 informaci\u00f3n sobre ingresos \/ ventas y ganancias o p\u00e9rdidas. Su archivo comercial confidencial se iniciar\u00e1 en la admisi\u00f3n.<\/h3>\n<h3 style=\"text-align: left;\"><em><strong>Cualquier cliente potencial:\u00a0<\/strong><\/em><\/h3>\n<h3 style=\"text-align: left;\">Si no ha comenzado su plan de negocios, la SBA tiene una plantilla en l\u00ednea:<br \/>\n<a href=\"https:\/\/www.sba.gov\/starting-business\/write-your-business-plan\">https:\/\/www.sba.gov\/starting-business\/write-your-business-plan<\/a><\/h3>\n<h3 style=\"text-align: left;\">Si est\u00e1 interesado en la viabilidad del pr\u00e9stamo, extraiga su historial crediticio como preparaci\u00f3n para su cita. Tambi\u00e9n puede consultar su puntaje crediticio por una peque\u00f1a tarifa.<br \/>\n<a href=\"https:\/\/www.annualcreditreport.com\/index.action\">https:\/\/www.annualcreditreport.com\/index.action<\/a><\/h3>\n<h3 style=\"text-align: left;\"><em><strong>\u00bfBusca asistencia sin fines de lucro?<\/strong><\/em><\/h3>\n<h3>Comun\u00edquese con Business Link NC<\/h3>\n<h3 style=\"text-align: left;\"><a href=\"http:\/\/blnc.gov\/\">http:\/\/blnc.gov\/<\/a><\/h3>\n<h3 style=\"text-align: left;\">C\u00f3mo poner en marcha un 501c3<\/h3>\n<h3 style=\"text-align: left;\"><a href=\"http:\/\/www.ncnonprofits.org\/learn\/start-a-nonprofit\" target=\"_blank\" rel=\"noopener noreferrer\">http:\/\/www.ncnonprofits.org\/learn\/start-a-nonprofit<\/a><\/h3>\n<h4 style=\"text-align: left;\"><em><strong>Agradecemos a nuestros socios de financiaci\u00f3n,\u00a0<a href=\"http:\/\/www.sba.gov\/\">Administraci\u00f3n de Peque\u00f1as Empresas de EE. UU.<\/a>,\u00a0<a href=\"http:\/\/fayettevillenc.gov\/government\/city-departments\/economic-and-business-development\">Ciudad de Fayetteville\u00a0<\/a>y\u00a0<a href=\"http:\/\/co.cumberland.nc.us\/community_dev.aspx\">Condado de Cumberland<\/a>, por su continuo apoyo financiero a nuestros programas WBC y Small Business.<\/strong><\/em><\/h4>\n\n\t\t<\/div>\n\t<\/div>\n<\/div><\/div><\/div><\/div><div class=\"vc_row wpb_row vc_row-fluid\" data-wow-delay=\"0s\"><div class=\"wpb_column vc_column_container vc_col-sm-12\" data-wow-delay=\"0s\"><div class=\"vc_column-inner\"><div class=\"wpb_wrapper\">\n\t<div class=\"wpb_text_column wpb_content_element\" >\n\t\t<div class=\"wpb_wrapper\">\n\t\t\t<blockquote>\n<h3 style=\"text-align: center;\"><em><strong>Las clases est\u00e1n abiertas al p\u00fablico, \u00a1reserve su asiento ahora!<\/strong><\/em><\/h3>\n<\/blockquote>\n\n\t\t<\/div>\n\t<\/div>\n<div class=\"vc_empty_space\"   style=\"height: 32px\"><span class=\"vc_empty_space_inner\"><\/span><\/div><div class=\"vc_btn3-container vc_btn3-center\" ><a class=\"vc_general vc_btn3 vc_btn3-size-md vc_btn3-shape-rounded vc_btn3-style-modern vc_btn3-block vc_btn3-icon-right vc_btn3-color-green\" href=\"http:\/\/wbcfay.eventbrite.com\" title=\"\" target=\"_blank\">Reg\u00edstrese hoy <i class=\"vc_btn3-icon fa fa-mouse-pointer\"><\/i><\/a><\/div><\/div><\/div><\/div><\/div>","protected":false},"excerpt":{"rendered":"Our professional consultants can help you: Formulate your\u00a0IDEA\u00a0into a profitable business\u00a0CONCEPT\u00a0by guiding clients through business planning, start up costs, and identifying opportunities. START-UP\u00a0your business, have a grand opening and ribbon cutting so you can begin generating and tracking revenue! SCALE\u00a0your business once you have established revenue and balanced risk so you may\u00a0EXPAND! GROW\u00a0your mature company in our ever-developing market! START UP Business Not in business and\/or in business no more than two years STEP 1: Jumpstart Orientation: to learn more about the business center &amp; tips for starting a business. Business Essentials Vision Mapping Marketing Essentials Branding 101 Marketing Strategies Finance Essentials Financial Projections Business Loans 101 Credit 101 STEP 2: After\u00a0Jumpstart Orientation you will be assigned a consultant that you will keep in contact with you for business plan review, loan feasibility, and\/or slated classes for your business. STEP 3: Once you have started your business plan and attended GETTING STARTED classes you will meet with your consultant that has been assigned to you. Classes are open to the public, please reserve your seat now! Register Today Existing Business 2+ years of\u00a0revenue generation Request to become a client via our website and return the intake packet to us. This [...]","protected":false},"author":2,"featured_media":0,"parent":0,"menu_order":1,"comment_status":"closed","ping_status":"closed","template":"","meta":{"give_campaign_id":0,"libsyn-item-id":0,"libsyn-show-id":0,"libsyn-post-error":"","libsyn-post-error_post-type":"","libsyn-post-error_post-permissions":"","libsyn-post-error_api":"","playlist-podcast-url":"","libsyn-episode-thumbnail":"","libsyn-episode-widescreen_image":"","libsyn-episode-blog_image":"","libsyn-episode-background_image":"","libsyn-post-episode-category-selection":"","libsyn-post-episode-player_use_thumbnail":"","libsyn-post-episode-player_use_theme":"","libsyn-post-episode-player_height":"","libsyn-post-episode-player_width":"","libsyn-post-episode-player_placement":"","libsyn-post-episode-player_use_download_link":"","libsyn-post-episode-player_use_download_link_text":"","libsyn-post-episode-player_custom_color":"","libsyn-post-episode-itunes-explicit":"","libsyn-post-episode":"","libsyn-post-episode-update-id3":"","libsyn-post-episode-release-date":"","libsyn-post-episode-simple-download":"","libsyn-release-date":"","libsyn-post-update-release-date":"","libsyn-is_draft":"","libsyn-new-media-media":"","libsyn-post-episode-subtitle":"","libsyn-new-media-image":"","libsyn-post-episode-keywords":"","libsyn-post-itunes":"","libsyn-post-episode-itunes-episode-number":"","libsyn-post-episode-itunes-season-number":"","libsyn-post-episode-itunes-episode-type":"","libsyn-post-episode-itunes-episode-title":"","libsyn-post-episode-itunes-episode-author":"","libsyn-destination-releases":"","libsyn-post-episode-advanced-destination-form-data":"","libsyn-post-episode-advanced-destination-form-data-enabled":"","libsyn-post-episode-advanced-destination-form-data-input-enabled":false,"libsyn-post-episode-premium_state":"","libsyn-episode-shortcode":"","libsyn-episode-embedurl":"","footnotes":""},"class_list":["post-16","page","type-page","status-publish","hentry"],"campaignId":"","_links":{"self":[{"href":"https:\/\/www.wbcfay.org\/es\/wp-json\/wp\/v2\/pages\/16","targetHints":{"allow":["GET"]}}],"collection":[{"href":"https:\/\/www.wbcfay.org\/es\/wp-json\/wp\/v2\/pages"}],"about":[{"href":"https:\/\/www.wbcfay.org\/es\/wp-json\/wp\/v2\/types\/page"}],"author":[{"embeddable":true,"href":"https:\/\/www.wbcfay.org\/es\/wp-json\/wp\/v2\/users\/2"}],"replies":[{"embeddable":true,"href":"https:\/\/www.wbcfay.org\/es\/wp-json\/wp\/v2\/comments?post=16"}],"version-history":[{"count":0,"href":"https:\/\/www.wbcfay.org\/es\/wp-json\/wp\/v2\/pages\/16\/revisions"}],"wp:attachment":[{"href":"https:\/\/www.wbcfay.org\/es\/wp-json\/wp\/v2\/media?parent=16"}],"curies":[{"name":"wp","href":"https:\/\/api.w.org\/{rel}","templated":true}]}}