{"id":17,"date":"2018-04-12T17:50:19","date_gmt":"2018-04-12T17:50:19","guid":{"rendered":"http:\/\/wbcfayet.wpengine.com\/?page_id=17"},"modified":"2025-02-12T17:21:06","modified_gmt":"2025-02-12T17:21:06","slug":"financial-literacy","status":"publish","type":"page","link":"https:\/\/www.wbcfay.org\/es\/financial-literacy\/","title":{"rendered":"Educaci\u00f3n financiera"},"content":{"rendered":"<div class=\"vc_row wpb_row vc_row-fluid\" data-wow-delay=\"0s\"><div class=\"wpb_column vc_column_container vc_col-sm-12\" data-wow-delay=\"0s\"><div class=\"vc_column-inner\"><div class=\"wpb_wrapper\">\n\t<div class=\"wpb_text_column wpb_content_element\" >\n\t\t<div class=\"wpb_wrapper\">\n\t\t\t<h3><em><strong>El personal del Women&#039;s Business Center est\u00e1 disponible para ayudar a los clientes con acceso al capital a trav\u00e9s de conocimientos financieros. El programa de pr\u00e9stamos internos de CEED proporciona un v\u00ednculo directo con los prestamistas. <\/strong><\/em><\/h3>\n<h3><span style=\"font-weight: 400;\">WBC staff can provide loan feasibility consultations to clients that have requested a review of their loan readiness.<\/span><\/h3>\n<h3><span style=\"font-weight: 400;\">WBC Consultants puede ayudarlo a sortear algunos de los escollos m\u00e1s comunes para las empresas que buscan capital, como:<\/span><\/h3>\n<ul>\n<li>\n<h3><span style=\"font-weight: 400;\">Historial y puntaje crediticio<\/span><\/h3>\n<\/li>\n<li>\n<h3><span style=\"font-weight: 400;\">Razonabilidad del monto del pr\u00e9stamo<\/span><\/h3>\n<\/li>\n<li>\n<h3><span style=\"font-weight: 400;\">M\u00e9todo de recuperaci\u00f3n<\/span><\/h3>\n<\/li>\n<li>\n<h3><span style=\"font-weight: 400;\">Proyecciones<\/span><\/h3>\n<\/li>\n<li>\n<h3><span style=\"font-weight: 400;\">Pago inicial \/ &quot;skin en el juego<\/span><\/h3>\n<\/li>\n<li>\n<h3><span style=\"font-weight: 400;\">No tener todos sus documentos requeridos<\/span><\/h3>\n<\/li>\n<\/ul>\n<h3><span style=\"font-weight: 400;\">Our goal is to empower clients with financial literacy to ensure they make sound financial decisions. Through CEED&#8217;s Financial Literacy Academy, our staff is certified as Certified Financial Educators (CFE), equipping them with the expertise to guide you toward financial success. We offer tailored training and consultations to help individuals and businesses navigate financial challenges and make informed decisions at every stage of their journey.<\/span><\/h3>\n\n\t\t<\/div>\n\t<\/div>\n<\/div><\/div><\/div><\/div>","protected":false},"excerpt":{"rendered":"The Women\u2019s Business Center staff is available to help clients with access to capital through financial literacy. CEED\u2019s in-house loan program provides a direct link to lenders. WBC staff can provide loan feasibility consultations to clients that have requested a review of their loan readiness. WBC Consultants can help you navigate some of the most common pitfalls for businesses seeking capital like: Credit score and history Reasonableness of loan amount Payback method Projections Down payment\/\u201dskin in the game Not having all your required documents Our goal is to empower clients with financial literacy to ensure they make sound financial decisions. Through CEED's Financial Literacy Academy, our staff is certified as Certified Financial Educators (CFE), equipping them with the expertise to guide you toward financial success. We offer tailored training and consultations to help individuals and businesses navigate financial challenges and make informed decisions at every stage of their journey.","protected":false},"author":2,"featured_media":0,"parent":0,"menu_order":2,"comment_status":"closed","ping_status":"closed","template":"","meta":{"give_campaign_id":0,"libsyn-item-id":0,"libsyn-show-id":0,"libsyn-post-error":"","libsyn-post-error_post-type":"","libsyn-post-error_post-permissions":"","libsyn-post-error_api":"","playlist-podcast-url":"","libsyn-episode-thumbnail":"","libsyn-episode-widescreen_image":"","libsyn-episode-blog_image":"","libsyn-episode-background_image":"","libsyn-post-episode-category-selection":"","libsyn-post-episode-player_use_thumbnail":"","libsyn-post-episode-player_use_theme":"","libsyn-post-episode-player_height":"","libsyn-post-episode-player_width":"","libsyn-post-episode-player_placement":"","libsyn-post-episode-player_use_download_link":"","libsyn-post-episode-player_use_download_link_text":"","libsyn-post-episode-player_custom_color":"","libsyn-post-episode-itunes-explicit":"","libsyn-post-episode":"","libsyn-post-episode-update-id3":"","libsyn-post-episode-release-date":"","libsyn-post-episode-simple-download":"","libsyn-release-date":"","libsyn-post-update-release-date":"","libsyn-is_draft":"","libsyn-new-media-media":"","libsyn-post-episode-subtitle":"","libsyn-new-media-image":"","libsyn-post-episode-keywords":"","libsyn-post-itunes":"","libsyn-post-episode-itunes-episode-number":"","libsyn-post-episode-itunes-season-number":"","libsyn-post-episode-itunes-episode-type":"","libsyn-post-episode-itunes-episode-title":"","libsyn-post-episode-itunes-episode-author":"","libsyn-destination-releases":"","libsyn-post-episode-advanced-destination-form-data":"","libsyn-post-episode-advanced-destination-form-data-enabled":"","libsyn-post-episode-advanced-destination-form-data-input-enabled":false,"libsyn-post-episode-premium_state":"","libsyn-episode-shortcode":"","libsyn-episode-embedurl":"","footnotes":""},"class_list":["post-17","page","type-page","status-publish","hentry"],"campaignId":"","_links":{"self":[{"href":"https:\/\/www.wbcfay.org\/es\/wp-json\/wp\/v2\/pages\/17","targetHints":{"allow":["GET"]}}],"collection":[{"href":"https:\/\/www.wbcfay.org\/es\/wp-json\/wp\/v2\/pages"}],"about":[{"href":"https:\/\/www.wbcfay.org\/es\/wp-json\/wp\/v2\/types\/page"}],"author":[{"embeddable":true,"href":"https:\/\/www.wbcfay.org\/es\/wp-json\/wp\/v2\/users\/2"}],"replies":[{"embeddable":true,"href":"https:\/\/www.wbcfay.org\/es\/wp-json\/wp\/v2\/comments?post=17"}],"version-history":[{"count":0,"href":"https:\/\/www.wbcfay.org\/es\/wp-json\/wp\/v2\/pages\/17\/revisions"}],"wp:attachment":[{"href":"https:\/\/www.wbcfay.org\/es\/wp-json\/wp\/v2\/media?parent=17"}],"curies":[{"name":"wp","href":"https:\/\/api.w.org\/{rel}","templated":true}]}}