{"id":31,"date":"2018-04-12T17:59:45","date_gmt":"2018-04-12T17:59:45","guid":{"rendered":"http:\/\/wbcfayet.wpengine.com\/become-a-client\/"},"modified":"2020-03-25T18:08:59","modified_gmt":"2020-03-25T18:08:59","slug":"become-a-client","status":"publish","type":"page","link":"https:\/\/www.wbcfay.org\/es\/become-a-client\/","title":{"rendered":"Convertirse en cliente"},"content":{"rendered":"<div class=\"vc_row wpb_row vc_row-fluid\" data-wow-delay=\"0s\"><div class=\"wpb_column vc_column_container vc_col-sm-12\" data-wow-delay=\"0s\"><div class=\"vc_column-inner \"><div class=\"wpb_wrapper\"><div  class=\"vc_custom_heading\"><p style=\"color:rgba(0,0,0,0.4);\"><\/p><h2 style=\"font-size: 35px;text-align: center;font-family:Playfair Display;font-weight:700;font-style:normal;font-weight: 400;font-style: normal;text-transform: none\">Gain The Tools To Invest In Your Success, Become A Client!<\/h2><\/div><script type=\"text\/javascript\">\n\/* <![CDATA[ *\/\nvar gform;gform||(document.addEventListener(\"gform_main_scripts_loaded\",function(){gform.scriptsLoaded=!0}),document.addEventListener(\"gform\/theme\/scripts_loaded\",function(){gform.themeScriptsLoaded=!0}),window.addEventListener(\"DOMContentLoaded\",function(){gform.domLoaded=!0}),gform={domLoaded:!1,scriptsLoaded:!1,themeScriptsLoaded:!1,isFormEditor:()=>\"function\"==typeof InitializeEditor,callIfLoaded:function(o){return!(!gform.domLoaded||!gform.scriptsLoaded||!gform.themeScriptsLoaded&&!gform.isFormEditor()||(gform.isFormEditor()&&console.warn(\"The use of gform.initializeOnLoaded() is deprecated in the form editor context and will be removed in Gravity Forms 3.1.\"),o(),0))},initializeOnLoaded:function(o){gform.callIfLoaded(o)||(document.addEventListener(\"gform_main_scripts_loaded\",()=>{gform.scriptsLoaded=!0,gform.callIfLoaded(o)}),document.addEventListener(\"gform\/theme\/scripts_loaded\",()=>{gform.themeScriptsLoaded=!0,gform.callIfLoaded(o)}),window.addEventListener(\"DOMContentLoaded\",()=>{gform.domLoaded=!0,gform.callIfLoaded(o)}))},hooks:{action:{},filter:{}},addAction:function(o,r,e,t){gform.addHook(\"action\",o,r,e,t)},addFilter:function(o,r,e,t){gform.addHook(\"filter\",o,r,e,t)},doAction:function(o){gform.doHook(\"action\",o,arguments)},applyFilters:function(o){return gform.doHook(\"filter\",o,arguments)},removeAction:function(o,r){gform.removeHook(\"action\",o,r)},removeFilter:function(o,r,e){gform.removeHook(\"filter\",o,r,e)},addHook:function(o,r,e,t,n){null==gform.hooks[o][r]&&(gform.hooks[o][r]=[]);var d=gform.hooks[o][r];null==n&&(n=r+\"_\"+d.length),gform.hooks[o][r].push({tag:n,callable:e,priority:t=null==t?10:t})},doHook:function(r,o,e){var t;if(e=Array.prototype.slice.call(e,1),null!=gform.hooks[r][o]&&((o=gform.hooks[r][o]).sort(function(o,r){return o.priority-r.priority}),o.forEach(function(o){\"function\"!=typeof(t=o.callable)&&(t=window[t]),\"action\"==r?t.apply(null,e):e[0]=t.apply(null,e)})),\"filter\"==r)return e[0]},removeHook:function(o,r,t,n){var e;null!=gform.hooks[o][r]&&(e=(e=gform.hooks[o][r]).filter(function(o,r,e){return!!(null!=n&&n!=o.tag||null!=t&&t!=o.priority)}),gform.hooks[o][r]=e)}});\n\/* ]]> *\/\n<\/script>\n\n                <div class='gf_browser_gecko gform_wrapper gform_legacy_markup_wrapper gform-theme--no-framework' data-form-theme='legacy' data-form-index='0' id='gform_wrapper_2' ><form method='post' enctype='multipart\/form-data'  id='gform_2'  action='\/es\/wp-json\/wp\/v2\/pages\/31' data-formid='2' novalidate>\n                        <div class='gform-body gform_body'><ul id='gform_fields_2' class='gform_fields top_label form_sublabel_below description_below validation_below'><li id=\"field_2_1\" class=\"gfield gfield--type-name gfield_contains_required field_sublabel_below gfield--no-description field_description_below field_validation_below gfield_visibility_visible\"  ><label class='gfield_label gform-field-label gfield_label_before_complex' >Name<span class=\"gfield_required\"><span class=\"gfield_required gfield_required_asterisk\">*<\/span><\/span><\/label><div class='ginput_complex ginput_container ginput_container--name no_prefix has_first_name no_middle_name has_last_name no_suffix gf_name_has_2 ginput_container_name gform-grid-row' id='input_2_1'>\n                            \n                            <span id='input_2_1_3_container' class='name_first gform-grid-col gform-grid-col--size-auto' >\n                                                    <input type='text' name='input_1.3' id='input_2_1_3' value=''   aria-required='true'     \/>\n                                                    <label for='input_2_1_3' class='gform-field-label gform-field-label--type-sub '>First<\/label>\n                                                <\/span>\n                            \n                            <span id='input_2_1_6_container' class='name_last gform-grid-col gform-grid-col--size-auto' >\n                                                    <input type='text' name='input_1.6' id='input_2_1_6' value=''   aria-required='true'     \/>\n                                                    <label for='input_2_1_6' class='gform-field-label gform-field-label--type-sub '>Last<\/label>\n                                                <\/span>\n                            \n                        <\/div><\/li><li id=\"field_2_3\" class=\"gfield gfield--type-email gf_right_half gfield_contains_required field_sublabel_below gfield--no-description field_description_below field_validation_below gfield_visibility_visible\"  ><label class='gfield_label gform-field-label' for='input_2_3'>Email Address<span class=\"gfield_required\"><span class=\"gfield_required gfield_required_asterisk\">*<\/span><\/span><\/label><div class='ginput_container ginput_container_email'>\n                            <input name='input_3' id='input_2_3' type='email' value='' class='medium'    aria-required=\"true\" aria-invalid=\"false\"  \/>\n                        <\/div><\/li><li id=\"field_2_2\" class=\"gfield gfield--type-phone gf_left_half gfield_contains_required field_sublabel_below gfield--no-description field_description_below field_validation_below gfield_visibility_visible\"  ><label class='gfield_label gform-field-label' for='input_2_2'>Phone Number<span class=\"gfield_required\"><span class=\"gfield_required gfield_required_asterisk\">*<\/span><\/span><\/label><div class='ginput_container ginput_container_phone'><input name='input_2' id='input_2_2' type='tel' value='' class='medium'   aria-required=\"true\" aria-invalid=\"false\"   \/><\/div><\/li><li id=\"field_2_5\" class=\"gfield gfield--type-checkbox gfield--type-choice gf_list_3col gfield_contains_required field_sublabel_below gfield--no-description field_description_below field_validation_below gfield_visibility_visible\"  ><label class='gfield_label gform-field-label gfield_label_before_complex' >Type(s) of assistance requested (List ALL that apply)<span class=\"gfield_required\"><span class=\"gfield_required gfield_required_asterisk\">*<\/span><\/span><\/label><div class='ginput_container ginput_container_checkbox'><ul class='gfield_checkbox' id='input_2_5'><li class='gchoice gchoice_2_5_1'>\n\t\t\t\t\t\t\t\t<input class='gfield-choice-input' name='input_5.1' type='checkbox'  value='Startup Assistance'  id='choice_2_5_1'   \/>\n\t\t\t\t\t\t\t\t<label for='choice_2_5_1' id='label_2_5_1' class='gform-field-label gform-field-label--type-inline'>Startup Assistance<\/label>\n\t\t\t\t\t\t\t<\/li><li class='gchoice gchoice_2_5_2'>\n\t\t\t\t\t\t\t\t<input class='gfield-choice-input' name='input_5.2' type='checkbox'  value='Financial Projections'  id='choice_2_5_2'   \/>\n\t\t\t\t\t\t\t\t<label for='choice_2_5_2' id='label_2_5_2' class='gform-field-label gform-field-label--type-inline'>Financial Projections<\/label>\n\t\t\t\t\t\t\t<\/li><li class='gchoice gchoice_2_5_3'>\n\t\t\t\t\t\t\t\t<input class='gfield-choice-input' name='input_5.3' type='checkbox'  value='Procurement'  id='choice_2_5_3'   \/>\n\t\t\t\t\t\t\t\t<label for='choice_2_5_3' id='label_2_5_3' class='gform-field-label gform-field-label--type-inline'>Procurement<\/label>\n\t\t\t\t\t\t\t<\/li><li class='gchoice gchoice_2_5_4'>\n\t\t\t\t\t\t\t\t<input class='gfield-choice-input' name='input_5.4' type='checkbox'  value='Legal Service\/Assistance'  id='choice_2_5_4'   \/>\n\t\t\t\t\t\t\t\t<label for='choice_2_5_4' id='label_2_5_4' class='gform-field-label gform-field-label--type-inline'>Legal Service\/Assistance<\/label>\n\t\t\t\t\t\t\t<\/li><li class='gchoice gchoice_2_5_5'>\n\t\t\t\t\t\t\t\t<input class='gfield-choice-input' name='input_5.5' type='checkbox'  value='Technology'  id='choice_2_5_5'   \/>\n\t\t\t\t\t\t\t\t<label for='choice_2_5_5' id='label_2_5_5' class='gform-field-label gform-field-label--type-inline'>Technology<\/label>\n\t\t\t\t\t\t\t<\/li><li class='gchoice gchoice_2_5_6'>\n\t\t\t\t\t\t\t\t<input class='gfield-choice-input' name='input_5.6' type='checkbox'  value='Business Plans'  id='choice_2_5_6'   \/>\n\t\t\t\t\t\t\t\t<label for='choice_2_5_6' id='label_2_5_6' class='gform-field-label gform-field-label--type-inline'>Business Plans<\/label>\n\t\t\t\t\t\t\t<\/li><li class='gchoice gchoice_2_5_7'>\n\t\t\t\t\t\t\t\t<input class='gfield-choice-input' name='input_5.7' type='checkbox'  value='Marketing\/Sales'  id='choice_2_5_7'   \/>\n\t\t\t\t\t\t\t\t<label for='choice_2_5_7' id='label_2_5_7' class='gform-field-label gform-field-label--type-inline'>Marketing\/Sales<\/label>\n\t\t\t\t\t\t\t<\/li><li class='gchoice gchoice_2_5_8'>\n\t\t\t\t\t\t\t\t<input class='gfield-choice-input' name='input_5.8' type='checkbox'  value='Capital\/Funding Sources'  id='choice_2_5_8'   \/>\n\t\t\t\t\t\t\t\t<label for='choice_2_5_8' id='label_2_5_8' class='gform-field-label gform-field-label--type-inline'>Capital\/Funding Sources<\/label>\n\t\t\t\t\t\t\t<\/li><li class='gchoice gchoice_2_5_9'>\n\t\t\t\t\t\t\t\t<input class='gfield-choice-input' name='input_5.9' type='checkbox'  value='Personal Development'  id='choice_2_5_9'   \/>\n\t\t\t\t\t\t\t\t<label for='choice_2_5_9' id='label_2_5_9' class='gform-field-label gform-field-label--type-inline'>Personal Development<\/label>\n\t\t\t\t\t\t\t<\/li><li class='gchoice gchoice_2_5_11'>\n\t\t\t\t\t\t\t\t<input class='gfield-choice-input' name='input_5.11' type='checkbox'  value='Business Insurance'  id='choice_2_5_11'   \/>\n\t\t\t\t\t\t\t\t<label for='choice_2_5_11' id='label_2_5_11' class='gform-field-label gform-field-label--type-inline'>Business Insurance<\/label>\n\t\t\t\t\t\t\t<\/li><li class='gchoice gchoice_2_5_12'>\n\t\t\t\t\t\t\t\t<input class='gfield-choice-input' name='input_5.12' type='checkbox'  value='Other'  id='choice_2_5_12'   \/>\n\t\t\t\t\t\t\t\t<label for='choice_2_5_12' id='label_2_5_12' class='gform-field-label gform-field-label--type-inline'>Other<\/label>\n\t\t\t\t\t\t\t<\/li><\/ul><\/div><\/li><li id=\"field_2_4\" class=\"gfield gfield--type-textarea gfield_contains_required field_sublabel_below gfield--no-description field_description_below field_validation_below gfield_visibility_visible\"  ><label class='gfield_label gform-field-label' for='input_2_4'>Describe Your Business<span class=\"gfield_required\"><span class=\"gfield_required gfield_required_asterisk\">*<\/span><\/span><\/label><div class='ginput_container ginput_container_textarea'><textarea name='input_4' id='input_2_4' class='textarea medium'     aria-required=\"true\" aria-invalid=\"false\"   rows='10' cols='50'><\/textarea><\/div><\/li><li id=\"field_2_6\" class=\"gfield gfield--type-captcha field_sublabel_below gfield--no-description field_description_below field_validation_below gfield_visibility_visible\"  ><label class='gfield_label gform-field-label' for='input_2_6'>CAPTCHA<\/label><div id='input_2_6' class='ginput_container ginput_recaptcha' data-sitekey='6Ld3GgIrAAAAAMn4nU6Ha0WZ2xtJf58F4nCKQAaD'  data-theme='light' data-tabindex='0'  data-badge=''><\/div><\/li><\/ul><\/div>\n        <div class='gform-footer gform_footer top_label'> <input type='submit' id='gform_submit_button_2' class='gform_button button' onclick='gform.submission.handleButtonClick(this);' data-submission-type='submit' value='Submit'  \/> \n            <input type='hidden' class='gform_hidden' name='gform_submission_method' data-js='gform_submission_method_2' value='postback' \/>\n            <input type='hidden' class='gform_hidden' name='gform_theme' data-js='gform_theme_2' id='gform_theme_2' value='legacy' \/>\n            <input type='hidden' class='gform_hidden' name='gform_style_settings' data-js='gform_style_settings_2' id='gform_style_settings_2' value='[]' \/>\n            <input type='hidden' class='gform_hidden' name='is_submit_2' value='1' \/>\n            <input type='hidden' class='gform_hidden' name='gform_submit' value='2' \/>\n            \n            <input type='hidden' class='gform_hidden' name='gform_currency' data-currency='USD' value='Pj0DeHPiJ4vY5BLnmPL8lZhIMJ\/u1gG5xs6GHAJ9osKGohf9bQ96hbXaClyHC75SSyR6UsNIOpkUrPlKt76ZCsc3q33RMv2TJpYtdA6aCyRqlpg=' \/>\n            <input type='hidden' class='gform_hidden' name='gform_unique_id' value='' \/>\n            <input type='hidden' class='gform_hidden' name='state_2' value='WyJbXSIsImE0ZjQ0Yzc1NGEzMWEzNDQzZGRkMDI1ZWQxZDBmZDZlIl0=' \/>\n            <input type='hidden' autocomplete='off' class='gform_hidden' name='gform_target_page_number_2' id='gform_target_page_number_2' value='0' \/>\n            <input type='hidden' autocomplete='off' class='gform_hidden' name='gform_source_page_number_2' id='gform_source_page_number_2' value='1' \/>\n            <input type='hidden' name='gform_field_values' value='' \/>\n            \n        <\/div>\n                        <\/form>\n                        <\/div><script type=\"text\/javascript\">\n\/* <![CDATA[ *\/\n gform.initializeOnLoaded( function() {gformInitSpinner( 2, 'https:\/\/www.wbcfay.org\/wp-content\/plugins\/gravityforms\/images\/spinner.svg', true );jQuery('#gform_ajax_frame_2').on('load',function(){var contents = jQuery(this).contents().find('*').html();var is_postback = contents.indexOf('GF_AJAX_POSTBACK') >= 0;if(!is_postback){return;}var form_content = jQuery(this).contents().find('#gform_wrapper_2');var is_confirmation = jQuery(this).contents().find('#gform_confirmation_wrapper_2').length > 0;var is_redirect = contents.indexOf('gformRedirect(){') >= 0;var is_form = form_content.length > 0 && ! is_redirect && ! is_confirmation;var mt = parseInt(jQuery('html').css('margin-top'), 10) + parseInt(jQuery('body').css('margin-top'), 10) + 100;if(is_form){jQuery('#gform_wrapper_2').html(form_content.html());if(form_content.hasClass('gform_validation_error')){jQuery('#gform_wrapper_2').addClass('gform_validation_error');} else {jQuery('#gform_wrapper_2').removeClass('gform_validation_error');}setTimeout( function() { \/* delay the scroll by 50 milliseconds to fix a bug in chrome *\/  }, 50 );if(window['gformInitDatepicker']) {gformInitDatepicker();}if(window['gformInitPriceFields']) {gformInitPriceFields();}var current_page = jQuery('#gform_source_page_number_2').val();gformInitSpinner( 2, 'https:\/\/www.wbcfay.org\/wp-content\/plugins\/gravityforms\/images\/spinner.svg', true );jQuery(document).trigger('gform_page_loaded', [2, current_page]);window['gf_submitting_2'] = false;}else if(!is_redirect){var confirmation_content = jQuery(this).contents().find('.GF_AJAX_POSTBACK').html();if(!confirmation_content){confirmation_content = contents;}jQuery('#gform_wrapper_2').replaceWith(confirmation_content);jQuery(document).trigger('gform_confirmation_loaded', [2]);window['gf_submitting_2'] = false;wp.a11y.speak(jQuery('#gform_confirmation_message_2').text());}else{jQuery('#gform_2').append(contents);if(window['gformRedirect']) {gformRedirect();}}jQuery(document).trigger(\"gform_pre_post_render\", [{ formId: \"2\", currentPage: \"current_page\", abort: function() { this.preventDefault(); } }]);        if (event && event.defaultPrevented) {                return;        }        const gformWrapperDiv = document.getElementById( \"gform_wrapper_2\" );        if ( gformWrapperDiv ) {            const visibilitySpan = document.createElement( \"span\" );            visibilitySpan.id = \"gform_visibility_test_2\";            gformWrapperDiv.insertAdjacentElement( \"afterend\", visibilitySpan );        }        const visibilityTestDiv = document.getElementById( \"gform_visibility_test_2\" );        let postRenderFired = false;        function triggerPostRender() {            if ( postRenderFired ) {                return;            }            postRenderFired = true;            gform.core.triggerPostRenderEvents( 2, current_page );            if ( visibilityTestDiv ) {                visibilityTestDiv.parentNode.removeChild( visibilityTestDiv );            }        }        function debounce( func, wait, immediate ) {            var timeout;            return function() {                var context = this, args = arguments;                var later = function() {                    timeout = null;                    if ( !immediate ) func.apply( context, args );                };                var callNow = immediate && !timeout;                clearTimeout( timeout );                timeout = setTimeout( later, wait );                if ( callNow ) func.apply( context, args );            };        }        const debouncedTriggerPostRender = debounce( function() {            triggerPostRender();        }, 200 );        if ( visibilityTestDiv && visibilityTestDiv.offsetParent === null ) {            const observer = new MutationObserver( ( mutations ) => {                mutations.forEach( ( mutation ) => {                    if ( mutation.type === 'attributes' && visibilityTestDiv.offsetParent !== null ) {                        debouncedTriggerPostRender();                        observer.disconnect();                    }                });            });            observer.observe( document.body, {                attributes: true,                childList: false,                subtree: true,                attributeFilter: [ 'style', 'class' ],            });        } else {            triggerPostRender();        }    } );} ); \n\/* ]]> *\/\n<\/script>\n<\/div><\/div><\/div><\/div>\n","protected":false},"excerpt":{"rendered":"Obtenga las herramientas para invertir en su \u00e9xito, \u00a1convi\u00e9rtase en cliente! Nombre * Nombre Apellido Direcci\u00f3n de correo electr\u00f3nico * N\u00famero de tel\u00e9fono * Tipo (s) de asistencia solicitada (Enumere TODOS los que correspondan) * Asistencia inicial Proyecciones financieras Adquisiciones Servicio legal \/ Asistencia Tecnolog\u00eda Planes comerciales Mercadeo \/ Capital de ventas \/ Fuentes de financiamiento Desarrollo personal Seguro comercial Otro Negocios * CAPTCHA","protected":false},"author":2,"featured_media":0,"parent":0,"menu_order":5,"comment_status":"closed","ping_status":"closed","template":"","meta":{"give_campaign_id":0,"libsyn-item-id":0,"libsyn-show-id":0,"libsyn-post-error":"","libsyn-post-error_post-type":"","libsyn-post-error_post-permissions":"","libsyn-post-error_api":"","playlist-podcast-url":"","libsyn-episode-thumbnail":"","libsyn-episode-widescreen_image":"","libsyn-episode-blog_image":"","libsyn-episode-background_image":"","libsyn-post-episode-category-selection":"","libsyn-post-episode-player_use_thumbnail":"","libsyn-post-episode-player_use_theme":"","libsyn-post-episode-player_height":"","libsyn-post-episode-player_width":"","libsyn-post-episode-player_placement":"","libsyn-post-episode-player_use_download_link":"","libsyn-post-episode-player_use_download_link_text":"","libsyn-post-episode-player_custom_color":"","libsyn-post-episode-itunes-explicit":"","libsyn-post-episode":"","libsyn-post-episode-update-id3":"","libsyn-post-episode-release-date":"","libsyn-post-episode-simple-download":"","libsyn-release-date":"","libsyn-post-update-release-date":"","libsyn-is_draft":"","libsyn-new-media-media":"","libsyn-post-episode-subtitle":"","libsyn-new-media-image":"","libsyn-post-episode-keywords":"","libsyn-post-itunes":"","libsyn-post-episode-itunes-episode-number":"","libsyn-post-episode-itunes-season-number":"","libsyn-post-episode-itunes-episode-type":"","libsyn-post-episode-itunes-episode-title":"","libsyn-post-episode-itunes-episode-author":"","libsyn-destination-releases":"","libsyn-post-episode-advanced-destination-form-data":"","libsyn-post-episode-advanced-destination-form-data-enabled":"","libsyn-post-episode-advanced-destination-form-data-input-enabled":false,"libsyn-post-episode-premium_state":"","libsyn-episode-shortcode":"","libsyn-episode-embedurl":"","footnotes":""},"class_list":["post-31","page","type-page","status-publish","hentry"],"campaignId":"","_links":{"self":[{"href":"https:\/\/www.wbcfay.org\/es\/wp-json\/wp\/v2\/pages\/31","targetHints":{"allow":["GET"]}}],"collection":[{"href":"https:\/\/www.wbcfay.org\/es\/wp-json\/wp\/v2\/pages"}],"about":[{"href":"https:\/\/www.wbcfay.org\/es\/wp-json\/wp\/v2\/types\/page"}],"author":[{"embeddable":true,"href":"https:\/\/www.wbcfay.org\/es\/wp-json\/wp\/v2\/users\/2"}],"replies":[{"embeddable":true,"href":"https:\/\/www.wbcfay.org\/es\/wp-json\/wp\/v2\/comments?post=31"}],"version-history":[{"count":0,"href":"https:\/\/www.wbcfay.org\/es\/wp-json\/wp\/v2\/pages\/31\/revisions"}],"wp:attachment":[{"href":"https:\/\/www.wbcfay.org\/es\/wp-json\/wp\/v2\/media?parent=31"}],"curies":[{"name":"wp","href":"https:\/\/api.w.org\/{rel}","templated":true}]}}