{"id":325,"date":"2019-02-14T16:18:40","date_gmt":"2019-02-14T16:18:40","guid":{"rendered":"http:\/\/www.wbcfay.org\/?page_id=325"},"modified":"2019-02-14T16:19:51","modified_gmt":"2019-02-14T16:19:51","slug":"jumpstart-orientation","status":"publish","type":"page","link":"https:\/\/www.wbcfay.org\/es\/jumpstart-orientation\/","title":{"rendered":"Orientaci\u00f3n Jumpstart"},"content":{"rendered":"<div class=\"vc_row wpb_row vc_row-fluid\" data-wow-delay=\"0s\"><div class=\"wpb_column vc_column_container vc_col-sm-12\" data-wow-delay=\"0s\"><div class=\"vc_column-inner\"><div class=\"wpb_wrapper\"><div  class=\"vc_custom_heading\"><p style=\"color:rgba(0,0,0,0.4);\"><\/p><h2 style=\"text-align: center;font-family:Open Sans;font-weight:400;font-style:normal;font-weight: 400;font-style: normal;text-transform: none\">To get started with the services at the Women\u2019s Business Center of Fayetteville attend our FREE Jumpstart Orientation. You have a choice to attend online or in person.<\/h2><\/div><\/div><\/div><\/div><\/div><div class=\"vc_row wpb_row vc_row-fluid\" data-wow-delay=\"0s\"><div class=\"wpb_column vc_column_container vc_col-sm-6 vc_col-has-fill\" data-wow-delay=\"0s\"><div class=\"vc_column-inner vc_custom_1550158547241\"><div class=\"wpb_wrapper\">\n\t<div class=\"wpb_text_column wpb_content_element\" >\n\t\t<div class=\"wpb_wrapper\">\n\t\t\t<h4 style=\"text-align: center;\"><strong><a style=\"color: #f6f6f6;\" href=\"http:\/\/www.wbcfay.org\/wp-content\/uploads\/2019\/02\/Jumpstart-Orientation-Spanish-Version-Powerpoint-1.pptx\">Haga clic aqu\u00ed para la orientaci\u00f3n de Jumpstart en l\u00ednea (In Spanish)<\/a><\/strong><\/h4>\n\n\t\t<\/div>\n\t<\/div>\n<\/div><\/div><\/div><div class=\"wpb_column vc_column_container vc_col-sm-6 vc_col-has-fill\" data-wow-delay=\"0s\"><div class=\"vc_column-inner vc_custom_1550158756267\"><div class=\"wpb_wrapper\">\n\t<div class=\"wpb_text_column wpb_content_element\" >\n\t\t<div class=\"wpb_wrapper\">\n\t\t\t<h4 style=\"text-align: center; color: #f6f6f6;\"><strong><a style=\"color: #f6f6f6;\" href=\"http:\/\/www.wbcfay.org\/wp-content\/uploads\/2019\/02\/Jumpstart-Orientation-Updated120618-English-Version.pptx\">Click here for Online Jumpstart Orientation (In English)<\/a><\/strong><\/h4>\n\n\t\t<\/div>\n\t<\/div>\n<\/div><\/div><\/div><\/div><div class=\"vc_row wpb_row vc_row-fluid vc_custom_1550160883264 vc_row-has-fill\" data-wow-delay=\"0s\"><div class=\"wpb_column vc_column_container vc_col-sm-12\" data-wow-delay=\"0s\"><div class=\"vc_column-inner\"><div class=\"wpb_wrapper\">\n\t<div class=\"wpb_text_column wpb_content_element\" >\n\t\t<div class=\"wpb_wrapper\">\n\t\t\t<h4 style=\"text-align: center;\"><a style=\"color: #f6f6f6;\" href=\"https:\/\/calendar.ncceed.org\/?event_category_id=womens-business-center#espresso_calendar\">Click here for In-person Jumpstart Orientation<\/a><\/h4>\n\n\t\t<\/div>\n\t<\/div>\n<\/div><\/div><\/div><\/div>","protected":false},"excerpt":{"rendered":"To get started with the services at the Women\u2019s Business Center of Fayetteville attend our FREE Jumpstart Orientation. You have a choice to attend online or in person. Haga clic aqu\u00ed para la orientaci\u00f3n de Jumpstart en l\u00ednea (In Spanish) Click here for Online Jumpstart Orientation (In English) Click here for In-person Jumpstart Orientation","protected":false},"author":2,"featured_media":0,"parent":0,"menu_order":0,"comment_status":"closed","ping_status":"closed","template":"","meta":{"give_campaign_id":0,"libsyn-item-id":0,"libsyn-show-id":0,"libsyn-post-error":"","libsyn-post-error_post-type":"","libsyn-post-error_post-permissions":"","libsyn-post-error_api":"","playlist-podcast-url":"","libsyn-episode-thumbnail":"","libsyn-episode-widescreen_image":"","libsyn-episode-blog_image":"","libsyn-episode-background_image":"","libsyn-post-episode-category-selection":"","libsyn-post-episode-player_use_thumbnail":"","libsyn-post-episode-player_use_theme":"","libsyn-post-episode-player_height":"","libsyn-post-episode-player_width":"","libsyn-post-episode-player_placement":"","libsyn-post-episode-player_use_download_link":"","libsyn-post-episode-player_use_download_link_text":"","libsyn-post-episode-player_custom_color":"","libsyn-post-episode-itunes-explicit":"","libsyn-post-episode":"","libsyn-post-episode-update-id3":"","libsyn-post-episode-release-date":"","libsyn-post-episode-simple-download":"","libsyn-release-date":"","libsyn-post-update-release-date":"","libsyn-is_draft":"","libsyn-new-media-media":"","libsyn-post-episode-subtitle":"","libsyn-new-media-image":"","libsyn-post-episode-keywords":"","libsyn-post-itunes":"","libsyn-post-episode-itunes-episode-number":"","libsyn-post-episode-itunes-season-number":"","libsyn-post-episode-itunes-episode-type":"","libsyn-post-episode-itunes-episode-title":"","libsyn-post-episode-itunes-episode-author":"","libsyn-destination-releases":"","libsyn-post-episode-advanced-destination-form-data":"","libsyn-post-episode-advanced-destination-form-data-enabled":"","libsyn-post-episode-advanced-destination-form-data-input-enabled":false,"libsyn-post-episode-premium_state":"","libsyn-episode-shortcode":"","libsyn-episode-embedurl":"","footnotes":""},"class_list":["post-325","page","type-page","status-publish","hentry"],"campaignId":"","_links":{"self":[{"href":"https:\/\/www.wbcfay.org\/es\/wp-json\/wp\/v2\/pages\/325","targetHints":{"allow":["GET"]}}],"collection":[{"href":"https:\/\/www.wbcfay.org\/es\/wp-json\/wp\/v2\/pages"}],"about":[{"href":"https:\/\/www.wbcfay.org\/es\/wp-json\/wp\/v2\/types\/page"}],"author":[{"embeddable":true,"href":"https:\/\/www.wbcfay.org\/es\/wp-json\/wp\/v2\/users\/2"}],"replies":[{"embeddable":true,"href":"https:\/\/www.wbcfay.org\/es\/wp-json\/wp\/v2\/comments?post=325"}],"version-history":[{"count":0,"href":"https:\/\/www.wbcfay.org\/es\/wp-json\/wp\/v2\/pages\/325\/revisions"}],"wp:attachment":[{"href":"https:\/\/www.wbcfay.org\/es\/wp-json\/wp\/v2\/media?parent=325"}],"curies":[{"name":"wp","href":"https:\/\/api.w.org\/{rel}","templated":true}]}}