{"id":342,"date":"2019-03-25T18:59:58","date_gmt":"2019-03-25T18:59:58","guid":{"rendered":"http:\/\/www.wbcfay.org\/?page_id=342"},"modified":"2019-03-25T18:59:58","modified_gmt":"2019-03-25T18:59:58","slug":"scholarship-eligibility-form","status":"publish","type":"page","link":"https:\/\/www.wbcfay.org\/es\/scholarship-eligibility-form\/","title":{"rendered":"Formulario de elegibilidad para becas"},"content":{"rendered":"<div class=\"vc_row wpb_row vc_row-fluid\" data-wow-delay=\"0s\"><div class=\"wpb_column vc_column_container vc_col-sm-12\" data-wow-delay=\"0s\"><div class=\"vc_column-inner \"><div class=\"wpb_wrapper\"><div class=\"vc_row wpb_row vc_inner vc_row-fluid\" data-wow-delay=\"0s\"><div class=\"wpb_column vc_column_container vc_col-sm-12\" data-wow-delay=\"0s\"><div class=\"vc_column-inner \"><div class=\"wpb_wrapper\"><script type=\"text\/javascript\">\n\/* <![CDATA[ *\/\nvar gform;gform||(document.addEventListener(\"gform_main_scripts_loaded\",function(){gform.scriptsLoaded=!0}),document.addEventListener(\"gform\/theme\/scripts_loaded\",function(){gform.themeScriptsLoaded=!0}),window.addEventListener(\"DOMContentLoaded\",function(){gform.domLoaded=!0}),gform={domLoaded:!1,scriptsLoaded:!1,themeScriptsLoaded:!1,isFormEditor:()=>\"function\"==typeof InitializeEditor,callIfLoaded:function(o){return!(!gform.domLoaded||!gform.scriptsLoaded||!gform.themeScriptsLoaded&&!gform.isFormEditor()||(gform.isFormEditor()&&console.warn(\"The use of gform.initializeOnLoaded() is deprecated in the form editor context and will be removed in Gravity Forms 3.1.\"),o(),0))},initializeOnLoaded:function(o){gform.callIfLoaded(o)||(document.addEventListener(\"gform_main_scripts_loaded\",()=>{gform.scriptsLoaded=!0,gform.callIfLoaded(o)}),document.addEventListener(\"gform\/theme\/scripts_loaded\",()=>{gform.themeScriptsLoaded=!0,gform.callIfLoaded(o)}),window.addEventListener(\"DOMContentLoaded\",()=>{gform.domLoaded=!0,gform.callIfLoaded(o)}))},hooks:{action:{},filter:{}},addAction:function(o,r,e,t){gform.addHook(\"action\",o,r,e,t)},addFilter:function(o,r,e,t){gform.addHook(\"filter\",o,r,e,t)},doAction:function(o){gform.doHook(\"action\",o,arguments)},applyFilters:function(o){return gform.doHook(\"filter\",o,arguments)},removeAction:function(o,r){gform.removeHook(\"action\",o,r)},removeFilter:function(o,r,e){gform.removeHook(\"filter\",o,r,e)},addHook:function(o,r,e,t,n){null==gform.hooks[o][r]&&(gform.hooks[o][r]=[]);var d=gform.hooks[o][r];null==n&&(n=r+\"_\"+d.length),gform.hooks[o][r].push({tag:n,callable:e,priority:t=null==t?10:t})},doHook:function(r,o,e){var t;if(e=Array.prototype.slice.call(e,1),null!=gform.hooks[r][o]&&((o=gform.hooks[r][o]).sort(function(o,r){return o.priority-r.priority}),o.forEach(function(o){\"function\"!=typeof(t=o.callable)&&(t=window[t]),\"action\"==r?t.apply(null,e):e[0]=t.apply(null,e)})),\"filter\"==r)return e[0]},removeHook:function(o,r,t,n){var e;null!=gform.hooks[o][r]&&(e=(e=gform.hooks[o][r]).filter(function(o,r,e){return!!(null!=n&&n!=o.tag||null!=t&&t!=o.priority)}),gform.hooks[o][r]=e)}});\n\/* ]]> *\/\n<\/script>\n\n                <div class='gf_browser_gecko gform_wrapper gform_legacy_markup_wrapper gform-theme--no-framework' data-form-theme='legacy' data-form-index='0' id='gform_wrapper_4' >\n                        <div class='gform_heading'>\n                            <h3 class=\"gform_title\">CEED WBC Scholarship Eligibility Form<\/h3>\n                        <\/div><form method='post' enctype='multipart\/form-data'  id='gform_4'  action='\/es\/wp-json\/wp\/v2\/pages\/342' data-formid='4' novalidate>\n                        <div class='gform-body gform_body'><ul id='gform_fields_4' class='gform_fields top_label form_sublabel_below description_below validation_below'><li id=\"field_4_1\" class=\"gfield gfield--type-section gsection field_sublabel_below gfield--has-description field_description_below field_validation_below gfield_visibility_visible\"  ><h2 class=\"gsection_title\"><\/h2><div class='gsection_description' id='gfield_description_4_1'>The Center for Economic Empowerment & Development (CEED) provides quality education at the most affordable prices.  A limited amount of scholarship is available for entrepreneurs who may need assistance to start on the journey to business ownership.  We offer a limited number of scholarships up to 50% of the cost of the program, class or event to those who qualify based on financial need.\n<br>\n&nbsp;\n<br>\nPlease note your application is not complete and a financial aid determination cannot be made without these documents.<\/div><\/li><li id=\"field_4_3\" class=\"gfield gfield--type-name gfield_contains_required field_sublabel_below gfield--no-description field_description_below field_validation_below gfield_visibility_visible\"  ><label class='gfield_label gform-field-label gfield_label_before_complex' >Name<span class=\"gfield_required\"><span class=\"gfield_required gfield_required_asterisk\">*<\/span><\/span><\/label><div class='ginput_complex ginput_container ginput_container--name no_prefix has_first_name no_middle_name has_last_name no_suffix gf_name_has_2 ginput_container_name gform-grid-row' id='input_4_3'>\n                            \n                            <span id='input_4_3_3_container' class='name_first gform-grid-col gform-grid-col--size-auto' >\n                                                    <input type='text' name='input_3.3' id='input_4_3_3' value=''   aria-required='true'     \/>\n                                                    <label for='input_4_3_3' class='gform-field-label gform-field-label--type-sub '>First<\/label>\n                                                <\/span>\n                            \n                            <span id='input_4_3_6_container' class='name_last gform-grid-col gform-grid-col--size-auto' >\n                                                    <input type='text' name='input_3.6' id='input_4_3_6' value=''   aria-required='true'     \/>\n                                                    <label for='input_4_3_6' class='gform-field-label gform-field-label--type-sub '>Last<\/label>\n                                                <\/span>\n                            \n                        <\/div><\/li><li id=\"field_4_4\" class=\"gfield gfield--type-email gfield_contains_required field_sublabel_below gfield--no-description field_description_below field_validation_below gfield_visibility_visible\"  ><label class='gfield_label gform-field-label' for='input_4_4'>Email<span class=\"gfield_required\"><span class=\"gfield_required gfield_required_asterisk\">*<\/span><\/span><\/label><div class='ginput_container ginput_container_email'>\n                            <input name='input_4' id='input_4_4' type='email' value='' class='medium'    aria-required=\"true\" aria-invalid=\"false\"  \/>\n                        <\/div><\/li><li id=\"field_4_5\" class=\"gfield gfield--type-phone gfield_contains_required field_sublabel_below gfield--no-description field_description_below field_validation_below gfield_visibility_visible\"  ><label class='gfield_label gform-field-label' for='input_4_5'>Phone<span class=\"gfield_required\"><span class=\"gfield_required gfield_required_asterisk\">*<\/span><\/span><\/label><div class='ginput_container ginput_container_phone'><input name='input_5' id='input_4_5' type='tel' value='' class='medium'   aria-required=\"true\" aria-invalid=\"false\"   \/><\/div><\/li><li id=\"field_4_7\" class=\"gfield gfield--type-select gfield_contains_required field_sublabel_below gfield--no-description field_description_below field_validation_below gfield_visibility_visible\"  ><label class='gfield_label gform-field-label' for='input_4_7'>Program you\u2019re seeking assistance for:<span class=\"gfield_required\"><span class=\"gfield_required gfield_required_asterisk\">*<\/span><\/span><\/label><div class='ginput_container ginput_container_select'><select name='input_7' id='input_4_7' class='large gfield_select'    aria-required=\"true\" aria-invalid=\"false\" ><option value='select one' >select one<\/option><option value='Foundation Classes' >Foundation Classes<\/option><option value='Food Truck U Classes' >Food Truck U Classes<\/option><option value='Signature Classes' >Signature Classes<\/option><option value='Online Classes' >Online Classes<\/option><option value='Premium Classes' >Premium Classes<\/option><\/select><\/div><\/li><li id=\"field_4_19\" class=\"gfield gfield--type-multiselect gfield_contains_required field_sublabel_below gfield--no-description field_description_below field_validation_below gfield_visibility_visible\"  ><label class='gfield_label gform-field-label' for='input_4_19'>Check all that apply<span class=\"gfield_required\"><span class=\"gfield_required gfield_required_asterisk\">*<\/span><\/span><\/label><div class='ginput_container ginput_container_multiselect'><select multiple='multiple'  size='7' name='input_19[]' id='input_4_19' class='medium gfield_select'   aria-invalid=\"false\" aria-required=\"true\" ><option value='Veteran' >Veteran<\/option><option value='Student' >Student<\/option><option value='Woman Owned Business' >Woman Owned Business<\/option><\/select><\/div><\/li><li id=\"field_4_10\" class=\"gfield gfield--type-number gfield_contains_required field_sublabel_below gfield--no-description field_description_below field_validation_below gfield_visibility_visible\"  ><label class='gfield_label gform-field-label' for='input_4_10'>Number of people in your household (including yourself)<span class=\"gfield_required\"><span class=\"gfield_required gfield_required_asterisk\">*<\/span><\/span><\/label><div class='ginput_container ginput_container_number'><input name='input_10' id='input_4_10' type='number' step='any'   value='' class='medium'     aria-required=\"true\" aria-invalid=\"false\"  \/><\/div><\/li><li id=\"field_4_11\" class=\"gfield gfield--type-number gfield_contains_required field_sublabel_below gfield--no-description field_description_below field_validation_below gfield_visibility_visible\"  ><label class='gfield_label gform-field-label' for='input_4_11'>What is your total annual household income?<span class=\"gfield_required\"><span class=\"gfield_required gfield_required_asterisk\">*<\/span><\/span><\/label><div class='ginput_container ginput_container_number'><input name='input_11' id='input_4_11' type='number' step='any'   value='' class='medium'     aria-required=\"true\" aria-invalid=\"false\"  \/><\/div><\/li><li id=\"field_4_12\" class=\"gfield gfield--type-textarea gfield_contains_required field_sublabel_below gfield--has-description field_description_below field_validation_below gfield_visibility_visible\"  ><label class='gfield_label gform-field-label' for='input_4_12'>Reason for Scholarship<span class=\"gfield_required\"><span class=\"gfield_required gfield_required_asterisk\">*<\/span><\/span><\/label><div class='ginput_container ginput_container_textarea'><textarea name='input_12' id='input_4_12' class='textarea medium'  aria-describedby=\"gfield_description_4_12\"   aria-required=\"true\" aria-invalid=\"false\"   rows='10' cols='50'><\/textarea><\/div><div class='gfield_description' id='gfield_description_4_12'>Please provide brief background why you should receive a scholarship.\n<\/div><\/li><li id=\"field_4_20\" class=\"gfield gfield--type-captcha field_sublabel_below gfield--no-description field_description_below field_validation_below gfield_visibility_visible\"  ><label class='gfield_label gform-field-label' for='input_4_20'>CAPTCHA<\/label><div id='input_4_20' class='ginput_container ginput_recaptcha' data-sitekey='6Ld3GgIrAAAAAMn4nU6Ha0WZ2xtJf58F4nCKQAaD'  data-theme='light' data-tabindex='0'  data-badge=''><\/div><\/li><\/ul><\/div>\n        <div class='gform-footer gform_footer top_label'> <input type='submit' id='gform_submit_button_4' class='gform_button button' onclick='gform.submission.handleButtonClick(this);' data-submission-type='submit' value='Submit'  \/> \n            <input type='hidden' class='gform_hidden' name='gform_submission_method' data-js='gform_submission_method_4' value='postback' \/>\n            <input type='hidden' class='gform_hidden' name='gform_theme' data-js='gform_theme_4' id='gform_theme_4' value='legacy' \/>\n            <input type='hidden' class='gform_hidden' name='gform_style_settings' data-js='gform_style_settings_4' id='gform_style_settings_4' value='[]' \/>\n            <input type='hidden' class='gform_hidden' name='is_submit_4' value='1' \/>\n            <input type='hidden' class='gform_hidden' name='gform_submit' value='4' \/>\n            \n            <input type='hidden' class='gform_hidden' name='gform_currency' data-currency='USD' value='07hkuU6uZuer5wqjq92fkXIwK14A0wldRJeyqKved5l5ti2YJuFzvpy4qvU5U7d7S6PQhtCAnOsDPvj5Vc0bvmixqMJZznCFCzCTqdBRZ\/Ce18w=' \/>\n            <input type='hidden' class='gform_hidden' name='gform_unique_id' value='' \/>\n            <input type='hidden' class='gform_hidden' name='state_4' value='WyJbXSIsImE0ZjQ0Yzc1NGEzMWEzNDQzZGRkMDI1ZWQxZDBmZDZlIl0=' \/>\n            <input type='hidden' autocomplete='off' class='gform_hidden' name='gform_target_page_number_4' id='gform_target_page_number_4' value='0' \/>\n            <input type='hidden' autocomplete='off' class='gform_hidden' name='gform_source_page_number_4' id='gform_source_page_number_4' value='1' \/>\n            <input type='hidden' name='gform_field_values' value='' \/>\n            \n        <\/div>\n                        <\/form>\n                        <\/div><script type=\"text\/javascript\">\n\/* <![CDATA[ *\/\n gform.initializeOnLoaded( function() {gformInitSpinner( 4, 'https:\/\/www.wbcfay.org\/wp-content\/plugins\/gravityforms\/images\/spinner.svg', true );jQuery('#gform_ajax_frame_4').on('load',function(){var contents = jQuery(this).contents().find('*').html();var is_postback = contents.indexOf('GF_AJAX_POSTBACK') >= 0;if(!is_postback){return;}var form_content = jQuery(this).contents().find('#gform_wrapper_4');var is_confirmation = jQuery(this).contents().find('#gform_confirmation_wrapper_4').length > 0;var is_redirect = contents.indexOf('gformRedirect(){') >= 0;var is_form = form_content.length > 0 && ! is_redirect && ! is_confirmation;var mt = parseInt(jQuery('html').css('margin-top'), 10) + parseInt(jQuery('body').css('margin-top'), 10) + 100;if(is_form){jQuery('#gform_wrapper_4').html(form_content.html());if(form_content.hasClass('gform_validation_error')){jQuery('#gform_wrapper_4').addClass('gform_validation_error');} else {jQuery('#gform_wrapper_4').removeClass('gform_validation_error');}setTimeout( function() { \/* delay the scroll by 50 milliseconds to fix a bug in chrome *\/  }, 50 );if(window['gformInitDatepicker']) {gformInitDatepicker();}if(window['gformInitPriceFields']) {gformInitPriceFields();}var current_page = jQuery('#gform_source_page_number_4').val();gformInitSpinner( 4, 'https:\/\/www.wbcfay.org\/wp-content\/plugins\/gravityforms\/images\/spinner.svg', true );jQuery(document).trigger('gform_page_loaded', [4, current_page]);window['gf_submitting_4'] = false;}else if(!is_redirect){var confirmation_content = jQuery(this).contents().find('.GF_AJAX_POSTBACK').html();if(!confirmation_content){confirmation_content = contents;}jQuery('#gform_wrapper_4').replaceWith(confirmation_content);jQuery(document).trigger('gform_confirmation_loaded', [4]);window['gf_submitting_4'] = false;wp.a11y.speak(jQuery('#gform_confirmation_message_4').text());}else{jQuery('#gform_4').append(contents);if(window['gformRedirect']) {gformRedirect();}}jQuery(document).trigger(\"gform_pre_post_render\", [{ formId: \"4\", currentPage: \"current_page\", abort: function() { this.preventDefault(); } }]);        if (event && event.defaultPrevented) {                return;        }        const gformWrapperDiv = document.getElementById( \"gform_wrapper_4\" );        if ( gformWrapperDiv ) {            const visibilitySpan = document.createElement( \"span\" );            visibilitySpan.id = \"gform_visibility_test_4\";            gformWrapperDiv.insertAdjacentElement( \"afterend\", visibilitySpan );        }        const visibilityTestDiv = document.getElementById( \"gform_visibility_test_4\" );        let postRenderFired = false;        function triggerPostRender() {            if ( postRenderFired ) {                return;            }            postRenderFired = true;            gform.core.triggerPostRenderEvents( 4, current_page );            if ( visibilityTestDiv ) {                visibilityTestDiv.parentNode.removeChild( visibilityTestDiv );            }        }        function debounce( func, wait, immediate ) {            var timeout;            return function() {                var context = this, args = arguments;                var later = function() {                    timeout = null;                    if ( !immediate ) func.apply( context, args );                };                var callNow = immediate && !timeout;                clearTimeout( timeout );                timeout = setTimeout( later, wait );                if ( callNow ) func.apply( context, args );            };        }        const debouncedTriggerPostRender = debounce( function() {            triggerPostRender();        }, 200 );        if ( visibilityTestDiv && visibilityTestDiv.offsetParent === null ) {            const observer = new MutationObserver( ( mutations ) => {                mutations.forEach( ( mutation ) => {                    if ( mutation.type === 'attributes' && visibilityTestDiv.offsetParent !== null ) {                        debouncedTriggerPostRender();                        observer.disconnect();                    }                });            });            observer.observe( document.body, {                attributes: true,                childList: false,                subtree: true,                attributeFilter: [ 'style', 'class' ],            });        } else {            triggerPostRender();        }    } );} ); \n\/* ]]> *\/\n<\/script>\n<\/div><\/div><\/div><\/div><\/div><\/div><\/div><\/div><div class=\"vc_row wpb_row vc_row-fluid\" data-wow-delay=\"0s\"><div class=\"wpb_column vc_column_container vc_col-sm-12\" data-wow-delay=\"0s\"><div class=\"vc_column-inner \"><div class=\"wpb_wrapper\"><div class=\"vc_row wpb_row vc_inner vc_row-fluid\" data-wow-delay=\"0s\"><div class=\"wpb_column vc_column_container vc_col-sm-12\" data-wow-delay=\"0s\"><div class=\"vc_column-inner \"><div class=\"wpb_wrapper\">\n\t<div class=\"wpb_text_column wpb_content_element \" >\n\t\t<div class=\"wpb_wrapper\">\n\t\t\t<p class=\"p1\"><span class=\"s1\">CEED WBC offers reduced-fee scholarships based on income to eligible participants.<span class=\"Apple-converted-space\">\u00a0 <\/span>Verification is required and will be requested by CEED WBC Staff upon submission of this form.\u00a0<\/span><\/p>\n<p class=\"p1\"><span class=\"s1\">Have questions? Contact CEED WBC at <a href=\"mailto:wbc1@ncceed.org\"><span class=\"s2\">wbc1@ncceed.org<\/span><\/a><span class=\"Apple-converted-space\">\u00a0 <\/span>(910) 323-3377<\/span><\/p>\n\n\t\t<\/div>\n\t<\/div>\n<\/div><\/div><\/div><\/div><\/div><\/div><\/div><\/div>\n","protected":false},"excerpt":{"rendered":"Formulario de elegibilidad para becas CEED WBC El Centro para el Empoderamiento y el Desarrollo Econ\u00f3micos (CEED) ofrece educaci\u00f3n de calidad a los precios m\u00e1s asequibles. Hay una cantidad limitada de becas disponible para emprendedores que puedan necesitar ayuda para comenzar el viaje hacia la propiedad de una empresa. Ofrecemos un n\u00famero limitado de becas de hasta 50% del costo del programa, clase o evento a aquellos que califiquen seg\u00fan sus necesidades financieras. Tenga en cuenta que su solicitud no est\u00e1 completa y no se puede tomar una determinaci\u00f3n de ayuda financiera sin estos documentos.Nombre * Nombre Apellido * Tel\u00e9fono * Programa para el que busca asistencia: * seleccione unaClases de fundaci\u00f3nClases de camiones de comida UClases de firmaClases en l\u00edneaClases premiumMarque todas las que apliquen * VeteranoEstudianteMujer Negocio de propiedad N\u00famero de personas en su hogar (incluido usted mismo) * \u00bfCu\u00e1l es su ingreso familiar anual total? * Motivo de la beca * Proporcione una breve descripci\u00f3n de por qu\u00e9 deber\u00eda recibir una beca. CAPTCHA CEED WBC ofrece becas de tarifa reducida seg\u00fan los ingresos a los participantes elegibles. Se requiere verificaci\u00f3n y ser\u00e1 solicitada por el personal de CEED WBC al enviar este formulario. \u00bfTiene preguntas? Comun\u00edquese con CEED WBC en wbc1@ncceed.org (910) 323-3377","protected":false},"author":2,"featured_media":0,"parent":0,"menu_order":0,"comment_status":"closed","ping_status":"closed","template":"","meta":{"give_campaign_id":0,"libsyn-item-id":0,"libsyn-show-id":0,"libsyn-post-error":"","libsyn-post-error_post-type":"","libsyn-post-error_post-permissions":"","libsyn-post-error_api":"","playlist-podcast-url":"","libsyn-episode-thumbnail":"","libsyn-episode-widescreen_image":"","libsyn-episode-blog_image":"","libsyn-episode-background_image":"","libsyn-post-episode-category-selection":"","libsyn-post-episode-player_use_thumbnail":"","libsyn-post-episode-player_use_theme":"","libsyn-post-episode-player_height":"","libsyn-post-episode-player_width":"","libsyn-post-episode-player_placement":"","libsyn-post-episode-player_use_download_link":"","libsyn-post-episode-player_use_download_link_text":"","libsyn-post-episode-player_custom_color":"","libsyn-post-episode-itunes-explicit":"","libsyn-post-episode":"","libsyn-post-episode-update-id3":"","libsyn-post-episode-release-date":"","libsyn-post-episode-simple-download":"","libsyn-release-date":"","libsyn-post-update-release-date":"","libsyn-is_draft":"","libsyn-new-media-media":"","libsyn-post-episode-subtitle":"","libsyn-new-media-image":"","libsyn-post-episode-keywords":"","libsyn-post-itunes":"","libsyn-post-episode-itunes-episode-number":"","libsyn-post-episode-itunes-season-number":"","libsyn-post-episode-itunes-episode-type":"","libsyn-post-episode-itunes-episode-title":"","libsyn-post-episode-itunes-episode-author":"","libsyn-destination-releases":"","libsyn-post-episode-advanced-destination-form-data":"","libsyn-post-episode-advanced-destination-form-data-enabled":"","libsyn-post-episode-advanced-destination-form-data-input-enabled":false,"libsyn-post-episode-premium_state":"","libsyn-episode-shortcode":"","libsyn-episode-embedurl":"","footnotes":""},"class_list":["post-342","page","type-page","status-publish","hentry"],"campaignId":"","_links":{"self":[{"href":"https:\/\/www.wbcfay.org\/es\/wp-json\/wp\/v2\/pages\/342","targetHints":{"allow":["GET"]}}],"collection":[{"href":"https:\/\/www.wbcfay.org\/es\/wp-json\/wp\/v2\/pages"}],"about":[{"href":"https:\/\/www.wbcfay.org\/es\/wp-json\/wp\/v2\/types\/page"}],"author":[{"embeddable":true,"href":"https:\/\/www.wbcfay.org\/es\/wp-json\/wp\/v2\/users\/2"}],"replies":[{"embeddable":true,"href":"https:\/\/www.wbcfay.org\/es\/wp-json\/wp\/v2\/comments?post=342"}],"version-history":[{"count":0,"href":"https:\/\/www.wbcfay.org\/es\/wp-json\/wp\/v2\/pages\/342\/revisions"}],"wp:attachment":[{"href":"https:\/\/www.wbcfay.org\/es\/wp-json\/wp\/v2\/media?parent=342"}],"curies":[{"name":"wp","href":"https:\/\/api.w.org\/{rel}","templated":true}]}}