{"id":756,"date":"2020-05-13T19:50:14","date_gmt":"2020-05-13T19:50:14","guid":{"rendered":"http:\/\/www.wbcfay.org\/?page_id=756"},"modified":"2020-05-13T21:38:12","modified_gmt":"2020-05-13T21:38:12","slug":"covid-pivot-phase-one-poster-registration","status":"publish","type":"page","link":"https:\/\/www.wbcfay.org\/es\/covid-pivot-phase-one-poster-registration\/","title":{"rendered":"P\u00f3ster din\u00e1mico de COVID - REGISTRO"},"content":{"rendered":"<div class=\"vc_row wpb_row vc_row-fluid\" data-wow-delay=\"0s\"><div class=\"wpb_column vc_column_container vc_col-sm-12\" data-wow-delay=\"0s\"><div class=\"vc_column-inner\"><div class=\"wpb_wrapper\">\n\t<div class=\"wpb_text_column wpb_content_element  vc_custom_1589405879259\" >\n\t\t<div class=\"wpb_wrapper\">\n\t\t\t<p><a href=\"https:\/\/lp.constantcontactpages.com\/su\/PMWgtvR\/COVIDPivotPhase1Posterhttp:\/\/\" target=\"_blank\" rel=\"noopener noreferrer\"><img loading=\"lazy\" decoding=\"async\" class=\"aligncenter wp-image-757 size-full\" src=\"http:\/\/www.wbcfay.org\/wp-content\/uploads\/2020\/05\/WBCFay-Page-_-COVID-PIVOT-FB-Post-Sized-Registration-Image.png\" alt=\"\" width=\"1346\" height=\"526\" srcset=\"https:\/\/www.wbcfay.org\/wp-content\/uploads\/2020\/05\/WBCFay-Page-_-COVID-PIVOT-FB-Post-Sized-Registration-Image.png 1346w, https:\/\/www.wbcfay.org\/wp-content\/uploads\/2020\/05\/WBCFay-Page-_-COVID-PIVOT-FB-Post-Sized-Registration-Image-300x117.png 300w, https:\/\/www.wbcfay.org\/wp-content\/uploads\/2020\/05\/WBCFay-Page-_-COVID-PIVOT-FB-Post-Sized-Registration-Image-1024x400.png 1024w, https:\/\/www.wbcfay.org\/wp-content\/uploads\/2020\/05\/WBCFay-Page-_-COVID-PIVOT-FB-Post-Sized-Registration-Image-768x300.png 768w, https:\/\/www.wbcfay.org\/wp-content\/uploads\/2020\/05\/WBCFay-Page-_-COVID-PIVOT-FB-Post-Sized-Registration-Image-1170x457.png 1170w, https:\/\/www.wbcfay.org\/wp-content\/uploads\/2020\/05\/WBCFay-Page-_-COVID-PIVOT-FB-Post-Sized-Registration-Image-270x106.png 270w, https:\/\/www.wbcfay.org\/wp-content\/uploads\/2020\/05\/WBCFay-Page-_-COVID-PIVOT-FB-Post-Sized-Registration-Image-600x234.png 600w\" sizes=\"auto, (max-width: 1346px) 100vw, 1346px\" \/><\/a><\/p>\n<h3 style=\"text-align: left;\">Como parte de nuestros continuos esfuerzos para apoyar a los propietarios de peque\u00f1as empresas a medida que avanzan a trav\u00e9s de COVID y m\u00e1s all\u00e1, hemos creado un cartel de exhibici\u00f3n que incluye todas las pautas necesarias para divulgar a sus clientes.<\/h3>\n<h3>\u00a1El p\u00f3ster de exhibici\u00f3n giratoria de COVID incluye capacidad, requisitos de mascarilla, est\u00e1ndares de desinfecci\u00f3n y m\u00e1s!<\/h3>\n<h3>Reg\u00edstrese a continuaci\u00f3n y los miembros del equipo de WBCFay entregar\u00e1n personalmente un p\u00f3ster de tama\u00f1o completo (18 \u00d7 24 pulgadas) en su tienda.<\/h3>\n<h3 style=\"text-align: center;\"><strong><em>Las entregas se programar\u00e1n a partir de la semana del 18\/05\/20<\/em><\/strong><\/h3>\n\n\t\t<\/div>\n\t<\/div>\n<div class=\"vc_btn3-container  wpb_animate_when_almost_visible wpb_flipInX flipInX vc_btn3-center\" ><a class=\"vc_general vc_btn3 vc_btn3-size-lg vc_btn3-shape-rounded vc_btn3-style-modern vc_btn3-icon-right vc_btn3-color-turquoise\" href=\"https:\/\/lp.constantcontactpages.com\/su\/PMWgtvR\/COVIDPivotPhase1Poster\" title=\"REGISTRARSE\" target=\"_blank\">REGISTRARSE <i class=\"vc_btn3-icon fa fa-sign-out\"><\/i><\/a><\/div>\n\t<div  class=\"wpb_single_image wpb_content_element vc_align_center\">\n\t\t\n\t\t<figure class=\"wpb_wrapper vc_figure\">\n\t\t\t<div class=\"vc_single_image-wrapper   vc_box_border_grey\"><img loading=\"lazy\" decoding=\"async\" width=\"768\" height=\"1024\" src=\"https:\/\/www.wbcfay.org\/wp-content\/uploads\/2020\/05\/COVID-Pivot-ReOpening-Requirements-_-May-2020-768x1024.png\" class=\"vc_single_image-img attachment-large\" alt=\"\" srcset=\"https:\/\/www.wbcfay.org\/wp-content\/uploads\/2020\/05\/COVID-Pivot-ReOpening-Requirements-_-May-2020-768x1024.png 768w, https:\/\/www.wbcfay.org\/wp-content\/uploads\/2020\/05\/COVID-Pivot-ReOpening-Requirements-_-May-2020-225x300.png 225w, https:\/\/www.wbcfay.org\/wp-content\/uploads\/2020\/05\/COVID-Pivot-ReOpening-Requirements-_-May-2020-1152x1536.png 1152w, https:\/\/www.wbcfay.org\/wp-content\/uploads\/2020\/05\/COVID-Pivot-ReOpening-Requirements-_-May-2020-1536x2048.png 1536w, https:\/\/www.wbcfay.org\/wp-content\/uploads\/2020\/05\/COVID-Pivot-ReOpening-Requirements-_-May-2020-1170x1560.png 1170w, https:\/\/www.wbcfay.org\/wp-content\/uploads\/2020\/05\/COVID-Pivot-ReOpening-Requirements-_-May-2020-270x360.png 270w, https:\/\/www.wbcfay.org\/wp-content\/uploads\/2020\/05\/COVID-Pivot-ReOpening-Requirements-_-May-2020-600x800.png 600w, https:\/\/www.wbcfay.org\/wp-content\/uploads\/2020\/05\/COVID-Pivot-ReOpening-Requirements-_-May-2020.png 1728w\" sizes=\"auto, (max-width: 768px) 100vw, 768px\" \/><\/div>\n\t\t<\/figure>\n\t<\/div>\n<div class=\"vc_btn3-container  wpb_animate_when_almost_visible wpb_flipInX flipInX vc_btn3-center\" ><a class=\"vc_general vc_btn3 vc_btn3-size-lg vc_btn3-shape-rounded vc_btn3-style-modern vc_btn3-block vc_btn3-icon-right vc_btn3-color-turquoise\" href=\"https:\/\/lp.constantcontactpages.com\/su\/PMWgtvR\/COVIDPivotPhase1Poster\" title=\"REGISTRARSE\" target=\"_blank\">REGISTRARSE <i class=\"vc_btn3-icon fa fa-sign-out\"><\/i><\/a><\/div><div class=\"vc_separator wpb_content_element vc_separator_align_center vc_sep_width_100 vc_sep_pos_align_center vc_separator_no_text vc_sep_color_grey\" ><span class=\"vc_sep_holder vc_sep_holder_l\"><span  class=\"vc_sep_line\"><\/span><\/span><span class=\"vc_sep_holder vc_sep_holder_r\"><span  class=\"vc_sep_line\"><\/span><\/span>\n<\/div><\/div><\/div><\/div><\/div>","protected":false},"excerpt":{"rendered":"Como parte de nuestros continuos esfuerzos para apoyar a nuestros propietarios de peque\u00f1as empresas a medida que avanzan a trav\u00e9s de COVID y m\u00e1s all\u00e1, hemos creado un cartel de exhibici\u00f3n que incluye todas las pautas necesarias para divulgar a sus clientes. El p\u00f3ster de exhibici\u00f3n giratoria COVID incluye capacidad, requisitos de mascarilla, est\u00e1ndares de desinfecci\u00f3n y m\u00e1s. Reg\u00edstrese a continuaci\u00f3n y los miembros del equipo de WBCFay entregar\u00e1n personalmente un p\u00f3ster de tama\u00f1o completo (18x24 pulgadas) a su tienda. Las entregas se programar\u00e1n a partir de la semana del 18\/05\/20 REG\u00cdSTRESE REG\u00cdSTRESE","protected":false},"author":24,"featured_media":0,"parent":0,"menu_order":0,"comment_status":"closed","ping_status":"closed","template":"","meta":{"give_campaign_id":0,"libsyn-item-id":0,"libsyn-show-id":0,"libsyn-post-error":"","libsyn-post-error_post-type":"","libsyn-post-error_post-permissions":"","libsyn-post-error_api":"","playlist-podcast-url":"","libsyn-episode-thumbnail":"","libsyn-episode-widescreen_image":"","libsyn-episode-blog_image":"","libsyn-episode-background_image":"","libsyn-post-episode-category-selection":"","libsyn-post-episode-player_use_thumbnail":"","libsyn-post-episode-player_use_theme":"","libsyn-post-episode-player_height":"","libsyn-post-episode-player_width":"","libsyn-post-episode-player_placement":"","libsyn-post-episode-player_use_download_link":"","libsyn-post-episode-player_use_download_link_text":"","libsyn-post-episode-player_custom_color":"","libsyn-post-episode-itunes-explicit":"","libsyn-post-episode":"","libsyn-post-episode-update-id3":"","libsyn-post-episode-release-date":"","libsyn-post-episode-simple-download":"","libsyn-release-date":"","libsyn-post-update-release-date":"","libsyn-is_draft":"","libsyn-new-media-media":"","libsyn-post-episode-subtitle":"","libsyn-new-media-image":"","libsyn-post-episode-keywords":"","libsyn-post-itunes":"","libsyn-post-episode-itunes-episode-number":"","libsyn-post-episode-itunes-season-number":"","libsyn-post-episode-itunes-episode-type":"","libsyn-post-episode-itunes-episode-title":"","libsyn-post-episode-itunes-episode-author":"","libsyn-destination-releases":"","libsyn-post-episode-advanced-destination-form-data":"","libsyn-post-episode-advanced-destination-form-data-enabled":"","libsyn-post-episode-advanced-destination-form-data-input-enabled":false,"libsyn-post-episode-premium_state":"","libsyn-episode-shortcode":"","libsyn-episode-embedurl":"","footnotes":""},"class_list":["post-756","page","type-page","status-publish","hentry"],"campaignId":"","_links":{"self":[{"href":"https:\/\/www.wbcfay.org\/es\/wp-json\/wp\/v2\/pages\/756","targetHints":{"allow":["GET"]}}],"collection":[{"href":"https:\/\/www.wbcfay.org\/es\/wp-json\/wp\/v2\/pages"}],"about":[{"href":"https:\/\/www.wbcfay.org\/es\/wp-json\/wp\/v2\/types\/page"}],"author":[{"embeddable":true,"href":"https:\/\/www.wbcfay.org\/es\/wp-json\/wp\/v2\/users\/24"}],"replies":[{"embeddable":true,"href":"https:\/\/www.wbcfay.org\/es\/wp-json\/wp\/v2\/comments?post=756"}],"version-history":[{"count":0,"href":"https:\/\/www.wbcfay.org\/es\/wp-json\/wp\/v2\/pages\/756\/revisions"}],"wp:attachment":[{"href":"https:\/\/www.wbcfay.org\/es\/wp-json\/wp\/v2\/media?parent=756"}],"curies":[{"name":"wp","href":"https:\/\/api.w.org\/{rel}","templated":true}]}}