{"id":841,"date":"2020-10-13T15:44:15","date_gmt":"2020-10-13T15:44:15","guid":{"rendered":"https:\/\/www.wbcfay.org\/?page_id=841"},"modified":"2020-10-13T16:14:32","modified_gmt":"2020-10-13T16:14:32","slug":"hollywood-java-mobile-coffee-bar","status":"publish","type":"page","link":"https:\/\/www.wbcfay.org\/es\/hollywood-java-mobile-coffee-bar\/","title":{"rendered":"Cafeter\u00eda m\u00f3vil Hollywood Java"},"content":{"rendered":"<div class=\"vc_row wpb_row vc_row-fluid\" data-wow-delay=\"0s\"><\/div><div class=\"wpb_column vc_column_container vc_col-sm-12\" data-wow-delay=\"0s\"><div class=\"vc_column-inner\"><div class=\"wpb_wrapper\"><\/div><\/div><\/div>\n\t<div class=\"wpb_text_column wpb_content_element\" >\n\t\t<div class=\"wpb_wrapper\">\n\t\t\t\n\t\t<\/div>\n\t<\/div>\n<div class=\"o9v6fnle cxmmr5t8 oygrvhab hcukyx3x c1et5uql ii04i59q\">\n<div dir=\"auto\">Propiedad de los cineastas y los veteranos del ej\u00e9rcito Dalton &amp; Patrice Carter, Hollywood Java es una cafeter\u00eda emergente y ahora m\u00f3vil que se dedica a construir una comunidad en torno al caf\u00e9 de especialidad.<\/div>\n<div dir=\"auto\"><\/div>\n<div dir=\"auto\"><\/div>\n<\/div>\n<p><\/p>\n<div dir=\"auto\">Nuestro caf\u00e9 es tostado localmente por Carrboro Coffee Roasters y nuestros m\u00e9todos de preparaci\u00f3n manual garantizan una calidad constante en cada taza. La adici\u00f3n del tr\u00e1iler de Mobile Coffee Bar es para brindar la misma experiencia de estar en una cafeter\u00eda de especialidad. Los clientes pueden disfrutar de caf\u00e9s, t\u00e9s de hierbas y bebidas de bienestar. Adem\u00e1s, Hollywood Java albergar\u00e1 eventos de degustaci\u00f3n y otras experiencias sensoriales basadas en el caf\u00e9.<\/div>\n<div dir=\"auto\"><img loading=\"lazy\" decoding=\"async\" class=\"alignright wp-image-849\" src=\"https:\/\/www.wbcfay.org\/wp-content\/uploads\/2020\/10\/20201013_120250-1024x1024.jpg\" alt=\"\" width=\"506\" height=\"506\" srcset=\"https:\/\/www.wbcfay.org\/wp-content\/uploads\/2020\/10\/20201013_120250-1024x1024.jpg 1024w, https:\/\/www.wbcfay.org\/wp-content\/uploads\/2020\/10\/20201013_120250-300x300.jpg 300w, https:\/\/www.wbcfay.org\/wp-content\/uploads\/2020\/10\/20201013_120250-150x150.jpg 150w, https:\/\/www.wbcfay.org\/wp-content\/uploads\/2020\/10\/20201013_120250-768x767.jpg 768w, https:\/\/www.wbcfay.org\/wp-content\/uploads\/2020\/10\/20201013_120250-1536x1534.jpg 1536w, https:\/\/www.wbcfay.org\/wp-content\/uploads\/2020\/10\/20201013_120250-1170x1169.jpg 1170w, https:\/\/www.wbcfay.org\/wp-content\/uploads\/2020\/10\/20201013_120250-270x270.jpg 270w, https:\/\/www.wbcfay.org\/wp-content\/uploads\/2020\/10\/20201013_120250-170x170.jpg 170w, https:\/\/www.wbcfay.org\/wp-content\/uploads\/2020\/10\/20201013_120250-600x599.jpg 600w, https:\/\/www.wbcfay.org\/wp-content\/uploads\/2020\/10\/20201013_120250-100x100.jpg 100w, https:\/\/www.wbcfay.org\/wp-content\/uploads\/2020\/10\/20201013_120250-45x45.jpg 45w, https:\/\/www.wbcfay.org\/wp-content\/uploads\/2020\/10\/20201013_120250.jpg 2012w\" sizes=\"auto, (max-width: 506px) 100vw, 506px\" \/><\/div>\n<p><\/p>\n<\/div>\n<div dir=\"auto\">\n<div dir=\"auto\" style=\"text-align: right;\"><\/div>\n<\/div>\n<div dir=\"auto\"><\/div>\n<div dir=\"auto\"><\/div>\n<div dir=\"auto\"><\/div>\n<div dir=\"auto\"><\/div>\n<div dir=\"auto\"><\/div>\n<div dir=\"auto\" style=\"text-align: right;\"><\/div>\n<p><\/p>\n<div dir=\"auto\"><\/div>\n<div dir=\"auto\"><\/div>\n<div dir=\"auto\"><\/div>\n<div dir=\"auto\"><\/div>\n<div dir=\"auto\"><\/div>\n<div dir=\"auto\"><\/div>\n<div dir=\"auto\"><\/div>\n<div dir=\"auto\" style=\"text-align: right;\"><strong>Propietarios: Dalton &amp; Patrice Carter<\/strong><\/div>\n<div dir=\"auto\" style=\"text-align: right;\"><strong>Seguir: <a href=\"https:\/\/www.instagram.com\/hollywoodjavanc\" target=\"_blank\" rel=\"noopener noreferrer\">Hollywood Java<\/a><\/strong><\/div>","protected":false},"excerpt":{"rendered":"<p>Propiedad de los cineastas y los veteranos del ej\u00e9rcito Dalton &amp; Patrice Carter, Hollywood Java es una cafeter\u00eda emergente y ahora m\u00f3vil que se dedica a construir una comunidad en torno al caf\u00e9 de especialidad. Nuestro caf\u00e9 es tostado localmente por Carrboro Coffee Roasters y nuestros m\u00e9todos de preparaci\u00f3n manual garantizan una calidad constante en cada taza. La adici\u00f3n del tr\u00e1iler de Mobile Coffee Bar es para brindar la misma experiencia de estar en una cafeter\u00eda de especialidad. Los clientes pueden disfrutar de caf\u00e9s, t\u00e9s de hierbas y bebidas de bienestar. Adem\u00e1s, Hollywood Java albergar\u00e1 eventos de degustaci\u00f3n y otras experiencias sensoriales basadas en el caf\u00e9. Propietarios: Dalton &amp; Patrice Carter Siga: Hollywood Java<\/p>","protected":false},"author":24,"featured_media":0,"parent":0,"menu_order":0,"comment_status":"closed","ping_status":"closed","template":"","meta":{"give_campaign_id":0,"libsyn-item-id":0,"libsyn-show-id":0,"libsyn-post-error":"","libsyn-post-error_post-type":"","libsyn-post-error_post-permissions":"","libsyn-post-error_api":"","playlist-podcast-url":"","libsyn-episode-thumbnail":"","libsyn-episode-widescreen_image":"","libsyn-episode-blog_image":"","libsyn-episode-background_image":"","libsyn-post-episode-category-selection":"","libsyn-post-episode-player_use_thumbnail":"use_thumbnail","libsyn-post-episode-player_use_theme":"custom","libsyn-post-episode-player_height":"90","libsyn-post-episode-player_width":"450","libsyn-post-episode-player_placement":"bottom","libsyn-post-episode-player_use_download_link":"","libsyn-post-episode-player_use_download_link_text":"","libsyn-post-episode-player_custom_color":"09605a","libsyn-post-episode-itunes-explicit":"","libsyn-post-episode":"","libsyn-post-episode-update-id3":"","libsyn-post-episode-release-date":"","libsyn-post-episode-simple-download":"","libsyn-release-date":"","libsyn-post-update-release-date":"","libsyn-is_draft":"","libsyn-new-media-media":"","libsyn-post-episode-subtitle":"","libsyn-new-media-image":"","libsyn-post-episode-keywords":"","libsyn-post-itunes":"","libsyn-post-episode-itunes-episode-number":"","libsyn-post-episode-itunes-season-number":"","libsyn-post-episode-itunes-episode-type":"","libsyn-post-episode-itunes-episode-title":"","libsyn-post-episode-itunes-episode-author":"","libsyn-destination-releases":"","libsyn-post-episode-advanced-destination-form-data":"[]","libsyn-post-episode-advanced-destination-form-data-enabled":"","libsyn-post-episode-advanced-destination-form-data-input-enabled":false,"libsyn-post-episode-premium_state":"","libsyn-episode-shortcode":"","libsyn-episode-embedurl":"","footnotes":""},"class_list":["post-841","page","type-page","status-publish","hentry"],"campaignId":"","_links":{"self":[{"href":"https:\/\/www.wbcfay.org\/es\/wp-json\/wp\/v2\/pages\/841","targetHints":{"allow":["GET"]}}],"collection":[{"href":"https:\/\/www.wbcfay.org\/es\/wp-json\/wp\/v2\/pages"}],"about":[{"href":"https:\/\/www.wbcfay.org\/es\/wp-json\/wp\/v2\/types\/page"}],"author":[{"embeddable":true,"href":"https:\/\/www.wbcfay.org\/es\/wp-json\/wp\/v2\/users\/24"}],"replies":[{"embeddable":true,"href":"https:\/\/www.wbcfay.org\/es\/wp-json\/wp\/v2\/comments?post=841"}],"version-history":[{"count":0,"href":"https:\/\/www.wbcfay.org\/es\/wp-json\/wp\/v2\/pages\/841\/revisions"}],"wp:attachment":[{"href":"https:\/\/www.wbcfay.org\/es\/wp-json\/wp\/v2\/media?parent=841"}],"curies":[{"name":"wp","href":"https:\/\/api.w.org\/{rel}","templated":true}]}}