{"id":921,"date":"2021-01-11T13:56:46","date_gmt":"2021-01-11T13:56:46","guid":{"rendered":"https:\/\/www.wbcfay.org\/?page_id=921"},"modified":"2021-08-03T19:52:46","modified_gmt":"2021-08-03T19:52:46","slug":"wbcfay-newsletter","status":"publish","type":"page","link":"https:\/\/www.wbcfay.org\/es\/wbcfay-newsletter\/","title":{"rendered":"Bolet\u00edn de WBCFay"},"content":{"rendered":"<div class=\"vc_row wpb_row vc_row-fluid\" data-wow-delay=\"0s\"><div class=\"wpb_column vc_column_container vc_col-sm-12\" data-wow-delay=\"0s\"><div class=\"vc_column-inner\"><div class=\"wpb_wrapper\">\n\t<div class=\"wpb_text_column wpb_content_element\" >\n\t\t<div class=\"wpb_wrapper\">\n\t\t\t<h1 style=\"text-align: center;\"><strong><i>\u00a1Nuestra \u00faltima edici\u00f3n est\u00e1 EN VIVO!<\/i><\/strong><\/h1>\n\n\t\t<\/div>\n\t<\/div>\n\n\t<div class=\"wpb_text_column wpb_content_element\" >\n\t\t<div class=\"wpb_wrapper\">\n\t\t\t<blockquote>\n<p><strong><em><span class=\"JsGRdQ\">&#8220;<\/span>I have come to realize, you have to make the school year work for you and take control of the schedule . . .By getting organized and planning out what each month\u2019s priorities were and then understanding what I could prepare for in advance each week, I was able to ensure that the school year would be a positive time for both my daughters and I and not a hindrance to our productivity.&#8221;<\/em><\/strong><\/p>\n<\/blockquote>\n<h4 style=\"text-align: right;\"><strong><em>&#8211; <a href=\"https:\/\/www.wbcfay.org\/katlin-neese\/\" target=\"_blank\" rel=\"noopener\">Katlin Neese, WBCFay Director<\/a><\/em><\/strong><\/h4>\n\n\t\t<\/div>\n\t<\/div>\n\n\t<div class=\"wpb_text_column wpb_content_element\" >\n\t\t<div class=\"wpb_wrapper\">\n\t\t\t<p><a href=\"https:\/\/online.flippingbook.com\/view\/569771714\/\" class=\"fbo-embed\" data-fbo-id=\"569771714\" data-fbo-lightbox=\"yes\" data-fbo-width=\"1600px\" data-fbo-height=\"800px\" data-fbo-version=\"1\" style=\"max-width: 100%\">AUGUST 2021 | Back To Reality<\/a><script async defer src=\"https:\/\/online.flippingbook.com\/EmbedScriptUrl.aspx?m=redir&#038;hid=569771714\"><\/script><\/p>\n\n\t\t<\/div>\n\t<\/div>\n<\/div><\/div><\/div><\/div><div class=\"vc_row wpb_row vc_row-fluid\" data-wow-delay=\"0s\"><div class=\"wpb_column vc_column_container vc_col-sm-12\" data-wow-delay=\"0s\"><div class=\"vc_column-inner\"><div class=\"wpb_wrapper\"><\/div><\/div><\/div><\/div>","protected":false},"excerpt":{"rendered":"Our Latest Edition is LIVE! \"I have come to realize, you have to make the school year work for you and take control of the schedule . . .By getting organized and planning out what each month\u2019s priorities were and then understanding what I could prepare for in advance each week, I was able to ensure that the school year would be a positive time for both my daughters and I and not a hindrance to our productivity.\" - Katlin Neese, WBCFay Director AUGUST 2021 | Back To Reality","protected":false},"author":24,"featured_media":0,"parent":0,"menu_order":0,"comment_status":"closed","ping_status":"closed","template":"","meta":{"give_campaign_id":0,"libsyn-item-id":0,"libsyn-show-id":0,"libsyn-post-error":"","libsyn-post-error_post-type":"","libsyn-post-error_post-permissions":"","libsyn-post-error_api":"","playlist-podcast-url":"","libsyn-episode-thumbnail":"","libsyn-episode-widescreen_image":"","libsyn-episode-blog_image":"","libsyn-episode-background_image":"","libsyn-post-episode-category-selection":"","libsyn-post-episode-player_use_thumbnail":"","libsyn-post-episode-player_use_theme":"","libsyn-post-episode-player_height":"","libsyn-post-episode-player_width":"","libsyn-post-episode-player_placement":"","libsyn-post-episode-player_use_download_link":"","libsyn-post-episode-player_use_download_link_text":"","libsyn-post-episode-player_custom_color":"","libsyn-post-episode-itunes-explicit":"","libsyn-post-episode":"","libsyn-post-episode-update-id3":"","libsyn-post-episode-release-date":"","libsyn-post-episode-simple-download":"","libsyn-release-date":"","libsyn-post-update-release-date":"","libsyn-is_draft":"","libsyn-new-media-media":"","libsyn-post-episode-subtitle":"","libsyn-new-media-image":"","libsyn-post-episode-keywords":"","libsyn-post-itunes":"","libsyn-post-episode-itunes-episode-number":"","libsyn-post-episode-itunes-season-number":"","libsyn-post-episode-itunes-episode-type":"","libsyn-post-episode-itunes-episode-title":"","libsyn-post-episode-itunes-episode-author":"","libsyn-destination-releases":"","libsyn-post-episode-advanced-destination-form-data":"","libsyn-post-episode-advanced-destination-form-data-enabled":"","libsyn-post-episode-advanced-destination-form-data-input-enabled":false,"libsyn-post-episode-premium_state":"","libsyn-episode-shortcode":"","libsyn-episode-embedurl":"","footnotes":""},"class_list":["post-921","page","type-page","status-publish","hentry"],"campaignId":"","_links":{"self":[{"href":"https:\/\/www.wbcfay.org\/es\/wp-json\/wp\/v2\/pages\/921","targetHints":{"allow":["GET"]}}],"collection":[{"href":"https:\/\/www.wbcfay.org\/es\/wp-json\/wp\/v2\/pages"}],"about":[{"href":"https:\/\/www.wbcfay.org\/es\/wp-json\/wp\/v2\/types\/page"}],"author":[{"embeddable":true,"href":"https:\/\/www.wbcfay.org\/es\/wp-json\/wp\/v2\/users\/24"}],"replies":[{"embeddable":true,"href":"https:\/\/www.wbcfay.org\/es\/wp-json\/wp\/v2\/comments?post=921"}],"version-history":[{"count":0,"href":"https:\/\/www.wbcfay.org\/es\/wp-json\/wp\/v2\/pages\/921\/revisions"}],"wp:attachment":[{"href":"https:\/\/www.wbcfay.org\/es\/wp-json\/wp\/v2\/media?parent=921"}],"curies":[{"name":"wp","href":"https:\/\/api.w.org\/{rel}","templated":true}]}}